{"id":1511,"date":"2010-10-25T16:51:54","date_gmt":"2010-10-25T14:51:54","guid":{"rendered":"http:\/\/smxmuenchen.de\/?page_id=1511"},"modified":"2020-09-02T10:14:12","modified_gmt":"2020-09-02T11:14:12","slug":"programm","status":"publish","type":"page","link":"https:\/\/smxmuenchen.risingmedia.eu\/en\/muenchen2011\/programm\/","title":{"rendered":"Programm \u00dcberblick"},"content":{"rendered":"<h2>SMX M\u00fcnchen<br \/>05.-06. April 2011<\/h2>\n<p style=\"margin: 0 0 25px 0;text-align:center; font-size: 12px;font-weight:bold;\">\nProgramm \u00dcberblick | <a href=\"\/2011\/tag1\/\">Ausf\u00fchrliches Programm Tag 1<\/a> | <a href=\"\/2011\/tag2\/\">Ausf\u00fchrliches Programm Tag 2<\/a> | <a href=\"\/2011\/workshops\/\">Workshops<\/a> | <a href=\"\/2011\/international-search-summit\/\">International Search Summit Munich<\/a>\n<\/p>\n<style>\nth{\nborder: none;\n}\ntable{\nborder-collapse: separate;\nborder: none;\n}\ntr{\npadding: 5px;\n}\ntr > td:first-child{\nbackground-color: rgba(68,135,206, 0.98);\n}\ntd{\npadding-left: 10px;\nborder: none;\nborder-bottom: 1px solid #111;\nborder-top: 1px solid #111;\n}\n<\/style>\n<table border=\"1\">\n<tbody>\n<tr>\n<th class=\"center\" colspan=\"4\">SMX M\u00fcnchen Programm &#8211; Dienstag, 5. April 2011<\/p>\n<p>\u00d6ffnungszeiten der Ausstellung: 08:00 &#8211; 18:00<\/th>\n<\/tr>\n<tr>\n<td class=\"timeov\">08:00<br \/>\n09:00<\/td>\n<td class=\"center\" colspan=\"3\">Registrierung + Kaffee, Tee und Fr\u00fchst\u00fcckssnack<\/td>\n<\/tr>\n<tr>\n<td class=\"timeov\">09:00<br \/>\n09:45<\/td>\n<td class=\"center\" colspan=\"3\">\n<p id=\"headline\"><a href=\"\/2011\/tag1\/#p102\">Keynote:<\/a> Rand Fishkin, SEOmoz &#8211; Die aktuellen SEOmoz Ranking Faktoren <img src=\"https:\/\/smxmuenchen.de\/_images\/union-jack.jpg\" alt=\"Sessions finden teilweise oder ganz auf englisch statt.\" width=\"20\" \/><br \/><a href=\"\/networking-pass\/\"><img src=\"\/_images\/netwrkg_plus11.jpg\" height=\"11\" alt=\"NETWORKING+\" title=\"NETWORKING+\" border=0 style=\"margin: 5px 0;\"><\/a>\n<\/p>\n<p><em>Raum: Ballsaal<\/em><\/p>\n<p id=\"disc\">\n<p id=\"room2\">\n<\/td>\n<\/tr>\n<tr>\n<td class=\"timeov\">09:45<br \/>\n10:15<\/td>\n<td class=\"center\" colspan=\"3\">Kaffeepause<\/td>\n<\/tr>\n<tr class=\"alt\">\n<td>&nbsp;<\/td>\n<td class=\"panelday1ov\"><strong>Panel 1: Grundlagen<\/strong><br \/><em>Raum: C\u00e9zanne \/ van Gough<\/em><\/td>\n<td class=\"panelday1ov\"><strong>Panel 2: SMX Fortgeschritten<\/strong><br \/><em>Raum: Ballsaal B<\/em><\/td>\n<td class=\"panelday1ov\"><strong>Panel 3: Search &#038; Beyond<\/strong><br \/><em>Raum: Ballsaal A<\/em><\/td>\n<\/tr>\n<tr>\n<tr>\n<td class=\"timeov\">10:15<br \/>\n11:25\n<\/td>\n<td class=\"panelday1ov\">\n<p id=\"headline\">\nDoppelsession:<br \/>\n<a href=\"\/2011\/tag1\/#p104\">Die richtigen Worte finden: Tools und Techniken f\u00fcr die Keywordauswahl<\/a>\n<\/p>\n<p id=\"speak\"><strong>Harald R. Fortmann<\/strong>, Yellow Tomato<\/p>\n<p id=\"focus\">Fokus: SEM<br \/>Level: Alle<\/p>\n<p id=\"headline\">\n<a href=\"\/2011\/tag1\/#p104b\">Die richtigen Texte f\u00fcr Suchmaschinenmarketing<\/a><\/p>\n<p id=\"speak\"><strong>Eric Kubitz<\/strong>, CONTENTmanufaktur<\/p>\n<p id=\"focus\">Fokus: SEM<br \/>Level: Alle<\/p>\n<\/td>\n<td class=\"panelday1ov\">\n<p id=\"headline\">\n<a href=\"\/2011\/tag1\/#p204\">Das neue Suchuniversum: Google, Microsoft, Facebook, Apple &#038; Co.<\/a> <img src=\"https:\/\/smxmuenchen.de\/_images\/union-jack.jpg\" alt=\"Sessions finden teilweise oder ganz auf englisch statt.\" width=\"20\" \/>\n<\/p>\n<p id=\"speak\"><strong>Rand Fishkin<\/strong>, SEOmoz<br \/>\n<strong>Stefan Weitz<\/strong>, Bing, Microsoft<br \/>\n<strong>Niels D\u00f6rje<\/strong>, Tandler.Doerje.Partner<br \/>\n<strong>Maile Ohye<\/strong>, Google Inc.<\/p>\n<p id=\"focus\">Fokus: Alle<br \/>Level: Mittel<\/p>\n<\/td>\n<td class=\"panelday1ov\">\n<p id=\"headline\">\n<a href=\"\/2011\/tag1\/#p304\">SEO &#038; User Generated Content (UGC)<\/a>\n<\/p>\n<p id=\"speak\">\n<strong>Astrid Staats<\/strong>, TRG The Reach Group<br \/>\n<strong>Ulrich Lutz<\/strong>, Google Inc.<br \/>\n<strong>Julian Grupp<\/strong>, HolidayCheck AG\n<\/p>\n<p id=\"focus\">Fokus: SEO<br \/>Level: Alle<\/p>\n<\/td>\n<\/tr>\n<tr>\n<td class=\"timeov\">11:25<br \/>\n11:30<\/td>\n<td class=\"center\" colspan=\"3\">Kurze Pause<\/td>\n<\/tr>\n<tr>\n<td class=\"timeov\">11:30<br \/>\n12:30\n<\/td>\n<td class=\"panelday1ov\">\n<p id=\"headline\">\n<a href=\"\/2011\/tag1\/#p106\">Link Building Grundlagen<\/a>\n<\/p>\n<p id=\"speak\"><strong>Philipp von St\u00fclpnagel<\/strong>, SUMO<br \/>\n<strong>Sa\u0161a Ebach<\/strong>, VIPEX Organic Link Marketing<\/p>\n<p id=\"focus\">Fokus: SEO<br \/>Level: Alle<\/p>\n<\/td>\n<td class=\"panelday1ov\">\n<p id=\"headline\">\n<a href=\"\/2011\/tag1\/#p206\">Organische Facebook Optimierung<\/a><\/p>\n<p id=\"speak\">\n<strong>Philipp Roth<\/strong>, FacebookMarketing.de<br \/>\n<strong>Tim Sebastian<\/strong>, wirmachenwasmitmedien.de\n<\/p>\n<p id=\"focus\">Fokus: SEO<br \/>Level: Mittel<\/p>\n<\/td>\n<td class=\"panelday1ov\">\n<p id=\"headline\">\n<a href=\"\/2011\/tag1\/#p306\">Die Verschmelzung des Suchmarktes:<br \/>Local &#8211; Mobile &#8211; Social<\/a><\/p>\n<p id=\"speak\">\n<strong>Hanns Kronenberg<\/strong>, Hanns Kronenberg SEO-Strategie.de<br \/>\n<strong>Stefan Fischerl\u00e4nder<\/strong>, Gipfelstolz\n<\/p>\n<p id=\"focus\">Fokus: Alle<br \/>Level: Mittel<\/p>\n<\/td>\n<\/tr>\n<tr>\n<td class=\"timeov\">12:30<br \/>\n13:30<\/td>\n<td class=\"center\" colspan=\"3\">Mittagspause<\/td>\n<\/tr>\n<tr>\n<td class=\"timeov\">13:30<br \/>\n14:15<\/td>\n<td class=\"center\" colspan=\"3\">\n<p id=\"headline\"><a href=\"\/2011\/tag1\/#p107a\">Keynote:<\/a> Maile Ohye, Google Inc. &#8211; Das Aktuellste zur Google Suche <img src=\"https:\/\/smxmuenchen.de\/_images\/union-jack.jpg\" alt=\"Sessions finden teilweise oder ganz auf englisch statt.\" width=\"20\" \/><br \/><a href=\"\/networking-pass\/\"><img src=\"\/_images\/netwrkg_plus11.jpg\" height=\"11\" alt=\"NETWORKING+\" title=\"NETWORKING+\" border=0 style=\"margin: 5px 0;\"><\/a><\/p>\n<p><em>Raum: Ballsaal<\/em><\/p>\n<p id=\"speak\">\n<p id=\"room2\"><\/td>\n<\/tr>\n<tr>\n<td class=\"timeov\">14:15<br \/>\n14:45<\/td>\n<td class=\"center\" colspan=\"3\">Kaffeepause<\/td>\n<\/tr>\n<tr>\n<td class=\"timeov\">14:45<br \/>\n15:45\n<\/td>\n<td class=\"panelday1ov\">\n<p id=\"headline\">\n<a href=\"\/2011\/tag1\/#p108\">Search Engine Friendly Design <img src=\"https:\/\/smxmuenchen.de\/_images\/union-jack.jpg\" alt=\"Sessions finden teilweise oder ganz auf englisch statt.\" width=\"20\" \/><\/a>\n<\/p>\n<p id=\"speak\"><strong>Johannes M\u00fcller<\/strong>, Google<br \/>\n<strong>Mikkel deMib Svendsen<\/strong>, deMib.com<\/p>\n<p id=\"focus\">Fokus: SEO<br \/>Level: Alle<\/p>\n<\/td>\n<td class=\"panelday1ov\">\n<p id=\"headline\">\n<a href=\"\/2011\/tag1\/#p208\">First Mover Advantage oder Living on the Edge? Google Instant &#038; Co als Erster umsetzen<\/a>\n<\/p>\n<p id=\"speak\">\n<strong>Thomas Eichenberg<\/strong>, MeinAuto GmbH<br \/>\n<strong>Jens Fauldrath<\/strong>, Deutsche Telekom AG P &#038; I PSN-A Contextual Search and Advertising<br \/>\n<strong>Marcel Kollmar<\/strong>, FEAR GmbH<br \/>\n<strong>Evert Veldhuijzen<\/strong>, Veroworx GmbH &#038; Co. KG\n<\/p>\n<p id=\"focus\">Fokus: SEO\/SEM<br \/>Level: Fortgeschritten<\/p>\n<\/td>\n<td class=\"panelday1ov\">\n<p id=\"headline\">\n<a href=\"\/2011\/tag1\/#p311\">Die neue Traffik Quelle \u2013 Performance Based Display<\/a> <img src=\"https:\/\/smxmuenchen.de\/_images\/union-jack.jpg\" alt=\"Sessions finden teilweise oder ganz auf englisch statt.\" width=\"20\" \/>\n<\/p>\n<p id=\"speak\">\n<strong>Sacha Berlik<\/strong>, mexad<br \/>\n<strong>Jens Jokschat<\/strong>, pilot 1\/0 GmbH &#038; Co. KG<br \/>\n<strong>Benjamin Barokas<\/strong>, Admeld\n<\/p>\n<p id=\"focus\">Fokus: Alle<br \/>\nLevel: Fortgeschritten<\/p>\n<\/td>\n<\/tr>\n<tr>\n<td class=\"timeov\">15:45<br \/>\n16:00<\/td>\n<td class=\"center\" colspan=\"3\">Kurze Pause<\/td>\n<\/tr>\n<tr>\n<td class=\"timeov\">16:00<br \/>\n17:15\n<\/td>\n<td class=\"panelday1ov\">\n<p id=\"headline\">\n<a href=\"\/2011\/tag1\/#p110\">Maximaler Effekt: Optimierung von Konversionsraten <img src=\"https:\/\/smxmuenchen.de\/_images\/union-jack.jpg\" alt=\"Sessions finden teilweise oder ganz auf englisch statt.\" width=\"20\" \/><\/a>\n<\/p>\n<p id=\"speak\">\n<strong>Ben Jesson<\/strong>, Conversion Rate Experts<br \/>\n<strong>Lennart Paulsen<\/strong>, Trakken Web Services GmbH\n<\/p>\n<p id=\"focus\">Fokus: SEM<br \/>Level: Alle<\/p>\n<\/td>\n<td class=\"panelday1ov\" rowspan=\"2\">\n<p id=\"headline\">\n<a href=\"\/2011\/tag1\/#p210\">Doppel-Session:<br \/>Webmasters on the Roof All-Star Panel <img src=\"https:\/\/smxmuenchen.de\/_images\/union-jack.jpg\" alt=\"Sessions finden teilweise oder ganz auf englisch statt.\" width=\"20\" \/><\/a>\n<\/p>\n<p id=\"speak\">\n<strong>Prof. Dr. Mario Fischer<\/strong>, Website Boosting<br \/>\n<strong>Rand Fishkin<\/strong>, SEOmoz<br \/>\n<strong>Niels D\u00f6rje<\/strong>, Tandler.Doerje.Partner<br \/>\n<strong>Mikkel deMib Svendsen<\/strong>, deMib.com<br \/>\n<strong>Johannes Beus<\/strong>, SISTRIX GmbH<br \/>\n<strong>Bob Rains<\/strong>, Let&#8217;s Make It Awesome\n<\/p>\n<p id=\"focus\">Fokus: SEO<br \/>Level: Alle<\/p>\n<\/td>\n<td class=\"panelday1ov\">\n<p id=\"headline\">\nDoppelsession:<br \/>\n<a href=\"\/2011\/tag1\/#p310\">Universal Search: Recommendation<\/a>\n<\/p>\n<p id=\"speak\">\n<strong>Niels D\u00f6rje<\/strong>, Tandler.Doerje.Partner<br \/>\n<strong>Benjamin Jost<\/strong>, TrustYou<\/p>\n<p id=\"focus\">Fokus: SEO<br \/>Level: Fortgeschritten<\/p>\n<p id=\"headline\">\n<a href=\"\/2011\/tag1\/#p310b\">Universal Search: Video<\/a><\/p>\n<p id=\"speak\"><strong>Marcus Tober<\/strong>, Searchmetrics GmbH<\/p>\n<p id=\"focus\">Fokus: SEO<br \/>Level: Fortgeschritten<\/p>\n<\/td>\n<\/tr>\n<tr>\n<td class=\"timeov\">17:15<br \/>\n18:15\n<\/td>\n<td class=\"panelday1ov\">\n<p id=\"headline\">\n<a href=\"\/2011\/tag1\/#p111\">SEO und SEM aus Agentur- und rechtlicher Sicht<\/a>\n<\/p>\n<p id=\"speak\">\n<strong>Martin Schirmbacher<\/strong>, H\u00c4RTING Rechtsanw\u00e4lte<br \/>\n<strong>Markus H\u00f6vener<\/strong>, Bloofusion<\/p>\n<p id=\"focus\">Fokus: SEO\/SEM<br \/>Level: Alle<\/p>\n<\/td>\n<td class=\"panelday1ov\">\n<p id=\"headline\">\n<a href=\"\/2011\/tag1\/#p308\">Facebook Anzeigen &#8211; Erfolgreich mit der richtigen Taktik<\/a>\n<\/p>\n<p id=\"speak\">\n<strong>Curt Simon Harlinghausen<\/strong>, AKOM360\n<\/p>\n<p id=\"focus\">Fokus: SEM<br \/>Level: Mittel<\/p>\n<\/td>\n<\/tr>\n<tr>\n<td class=\"timeov\">18:15\n<\/td>\n<td class=\"center\" colspan=\"3\">Ende<\/td>\n<\/tr>\n<tr>\n<td class=\"timeov\">ab<br \/>\n19:00\n<\/td>\n<td class=\"center\" colspan=\"3\"><strong>Search &#038; Metrics Bash im Vice<\/strong><br \/>\n<img loading=\"lazy\" src=\"https:\/\/smxmuenchen.de\/_images\/bash.jpg\" width=\"168\" height=\"100\" alt=\"\" border=0 style=\"margin-top: 5px;\" \/>\n<\/td>\n<\/tr>\n<\/tbody>\n<\/table>\n<p>&nbsp;<\/p>\n<table border=\"1\">\n<tbody>\n<tr>\n<th class=\"center\" colspan=\"5\">SMX M\u00fcnchen Programm &#8211; Mittwoch 6. April 2011<\/p>\n<p>\u00d6ffnungszeiten der Ausstellung: 08:00 &#8211; 16:35<\/th>\n<\/tr>\n<tr>\n<td class=\"timeov\">08:00<br \/>\n09:00<\/td>\n<td class=\"center\" colspan=\"4\">Registrierung + Kaffee, Tee und Fr\u00fchst\u00fcckssnack<\/td>\n<\/tr>\n<tr>\n<td class=\"timeov\">09:00<br \/>\n09:45<\/td>\n<td class=\"center\" colspan=\"4\">\n<p id=\"headline\"><a href=\"\/2011\/tag2\/#p120b\">Keynote:<\/a> Stefan Weitz, Bing, Microsoft &#8211; Die Bing\/Facebook Kooperation <img src=\"https:\/\/smxmuenchen.de\/_images\/union-jack.jpg\" alt=\"Sessions finden teilweise oder ganz auf englisch statt.\" width=\"20\" \/><br \/><a href=\"\/networking-pass\/\"><img src=\"\/_images\/netwrkg_plus11.jpg\" height=\"11\" alt=\"NETWORKING+\" title=\"NETWORKING+\" border=0 style=\"margin: 5px 0;\"><\/a><\/p>\n<p><em>Raum: Ballsaal<\/em><\/p>\n<p id=\"disc\">\n<p id=\"room2\">\n<\/td>\n<\/tr>\n<tr>\n<td class=\"timeov\">09:45<br \/>\n10:15<\/td>\n<td class=\"center\" colspan=\"4\">Kaffeepause<\/td>\n<\/tr>\n<tr class=\"alt\">\n<td><\/td>\n<td class=\"panelday2ov\"><strong>Panel 1: SMX Taktik<\/strong><br \/><em>Raum: Ballsaal A<\/em><\/td>\n<td class=\"panelday2ov\"><strong>Panel 2: SEO Spezial<\/strong><br \/><em>Raum: Ballsaal B<\/em><\/td>\n<td class=\"panelday2ov\"><strong>Panel 3:  Search &#038; Beyond<\/strong><br \/><em>Raum: C\u00e9zanne \/ van Gough<\/em><\/td>\n<td class=\"panelday2ov\"><strong>SPONSOR &#038; SPECIALS PANELS<\/strong><br \/><em>Raum: Picasso \/ Dali<\/em><\/td>\n<\/tr>\n<tr>\n<td class=\"timeov\">10:15<br \/>\n11:15\n<\/td>\n<td class=\"panelday2ov\">\n<p id=\"headline\">\n<a href=\"\/2011\/tag2\/#p121\">Suchanzeigen: die neue Generation <img src=\"https:\/\/smxmuenchen.de\/_images\/union-jack.jpg\" alt=\"Sessions finden teilweise oder ganz auf englisch statt.\" width=\"20\" \/><\/a>\n<\/p>\n<p id=\"speak\"><strong>Mark McCann<\/strong>, Google Inc.<br \/>\n<strong>Colm Bracken<\/strong>, Microsoft<\/p>\n<p id=\"focus\">Fokus: PPC<br \/>Level: Fortgeschritten<\/p>\n<\/td>\n<td class=\"panelday2ov\">\n<p id=\"headline\">\n<a href=\"\/2011\/tag2\/#p221\">SEO in Euros &#8211; aussagekr\u00e4ftige KPIs<\/a>\n<\/p>\n<p id=\"speak\"><strong>Hanns Kronenberg<\/strong>, Hanns Kronenberg SEO-Strategie.de<br \/>\n<strong>Stefan Fischerl\u00e4nder<\/strong>, Gipfelstolz<br \/>\n<strong>Martin Kaltwasser<\/strong>, LECKER.de, Bauer Media Group<\/p>\n<p id=\"focus\">Fokus: SEO<br \/>Level: Mittel<\/p>\n<\/td>\n<td class=\"panelday2ov\">\n<p id=\"headline\">\n<a href=\"\/2011\/tag2\/#p321\">Negativ- und Blackhat-SEO: So sch\u00fctzen Sie sich!<\/a>\n<\/p>\n<p id=\"speak\">\n<strong>Dominik Wojcik<\/strong>, Rocket Internet GmbH<br \/>\n<strong>Fabian Rossbacher<\/strong>, Rossbacher Software GmbH\n<\/p>\n<p id=\"focus\">Fokus: SEO<br \/>Level: Fortgeschritten<\/p>\n<\/td>\n<td class=\"panelday2ov\">\n<p id=\"headline\">\n<a href=\"\/2011\/tag2\/#p421\">Non Technical SEO f\u00fcr Redakteure<\/a>\n<\/p>\n<p id=\"speak\">\n<strong>Ludwig Coenen<\/strong>, t-online.de<br \/>\n<strong>David Richter<\/strong>, Deutsche Telekom AG\n<\/p>\n<p id=\"focus\">FOKUS: SEO<br \/>\nLevel: Alle<\/p>\n<\/td>\n<\/tr>\n<tr>\n<td class=\"timeov\">11:15<br \/>\n11:20<\/td>\n<td class=\"center\" colspan=\"4\">Kurze Pause<\/td>\n<\/tr>\n<tr>\n<td class=\"timeov\">11:20<br \/>\n12:30\n<\/td>\n<td class=\"panelday2ov\">\n<p id=\"headline\">\n<a href=\"\/2011\/tag2\/#p123\">Large Scale PPC<\/a>\n<\/p>\n<p id=\"speak\"><strong>Ulf Weihbold<\/strong>, Smarter Ecommerce GmbH<br \/>\n<strong>Daniel Schimmer<\/strong>, PerMa-Strategies<br \/>\n<strong>Karsten Linden<\/strong>, OTTO GmbH &#038; Co KG<\/p>\n<p id=\"focus\">Fokus: PPC<br \/>Level: Fortgeschritten<\/p>\n<\/td>\n<td class=\"panelday2ov\">\n<p id=\"headline\">\n<a href=\"\/2011\/tag2\/#p225\">Technisches SEO: HTML5<\/a>\n<\/p>\n<p id=\"speak\"><strong>Johannes Beus<\/strong>, SISTRIX GmbH<br \/>\n<strong>Johannes M\u00fcller<\/strong>, Google<\/p>\n<p id=\"focus\">Fokus: SEO<br \/>Level: Fortgeschritten<\/p>\n<\/td>\n<td class=\"panelday2ov\">\n<p id=\"headline\">\n<a href=\"\/2011\/tag2\/#p323\">Google Remarketing Hands On &#8211; Strategien und Taktiken<\/a>\n<\/p>\n<p id=\"speak\"><strong>Alexander Sperber<\/strong>, SearchInsider<br \/>\n<strong>Matthias Pierrick Weth<\/strong>, Catbird Seat GmbH<\/p>\n<p id=\"focus\">Fokus: SEM<br \/>Level: Mittel<\/p>\n<\/td>\n<td class=\"panelday2ov\">\n<p id=\"headline\">\n<a href=\"\/2011\/tag2\/#p423\">Sponsored Session:<br \/>\u201eUp Close and Hands on with Bing &#038; adCenter\u201d<\/a> <img src=\"https:\/\/smxmuenchen.de\/_images\/union-jack.jpg\" alt=\"Sessions finden teilweise oder ganz auf englisch statt.\" width=\"20\" \/><br \/>\n<a href=\"\/networking-pass\/\"><img src=\"\/_images\/netwrkg_plus11.jpg\" height=\"11\" alt=\"NETWORKING+\" title=\"NETWORKING+\" border=0 style=\"margin: 5px 0;\"><\/a><br \/>\n<img src=\"http:\/\/www.risingmedia.de\/speakers-edit\/logos\/bing.png\" width=\"130\" alt=\"\" border=0 style=\"margin: 5px 0;\">\n<\/p>\n<p id=\"speak\">\n<strong>Stefan Weitz<\/strong>, Bing, Microsoft<br \/>\n<strong>Frank Fuchs<\/strong>, Bing, Microsoft<br \/>\n<strong>Colm Bracken<\/strong>, Microsoft<\/p>\n<p id=\"focus\">\n<\/td>\n<\/tr>\n<tr>\n<td class=\"timeov\">12:30<br \/>\n13:30<\/td>\n<td class=\"center\" colspan=\"4\">Mittagspause<\/td>\n<\/tr>\n<tr>\n<td class=\"timeov\">13:30<br \/>\n14:45\n<\/td>\n<td class=\"panelday2ov\">\n<p id=\"headline\">\n<a href=\"\/2011\/tag2\/#p129\">Blogpartnersession<br \/>SEO \u2013 Technik vs. Kreativit\u00e4t <img src=\"https:\/\/smxmuenchen.de\/_images\/union-jack.jpg\" alt=\"Sessions finden teilweise oder ganz auf englisch statt.\" width=\"20\" \/><\/a>\n<\/p>\n<p id=\"disc\">\n<p id=\"speak\">\n<strong>Bob Rains<\/strong>, Let&#8217;s Make It Awesome<br \/>\n<strong>Rand Fishkin<\/strong>, SEOmoz<\/p>\n<p id=\"focus\">\n<\/td>\n<td class=\"panelday2ov\">\n<p id=\"headline\">\n<a href=\"\/2011\/tag2\/#p223\">Predictive SEO<\/a>\n<\/p>\n<p id=\"speak\">\n<strong>Eva Rausch von Traubenberg<\/strong>, Deutsche Telekom AG<br \/>\n<strong>Eric Kubitz<\/strong>, CONTENTmanufaktur<br \/>\n<strong>Daniel Haneberg<\/strong>, sueddeutsche.de GmbH\n<\/p>\n<p id=\"focus\">Fokus: SEO<br \/>Level: Fortgeschritten<\/p>\n<\/td>\n<td class=\"panelday2ov\">\n<p id=\"headline\">Case Studies<br \/>\n<a href=\"\/2011\/tag2\/#p325\">Adwords-Strategie bei TUI<\/a>\n<\/p>\n<p id=\"speak\"><strong>Roland M\u00fcller-Buchner<\/strong>, TUI interactive<\/p>\n<p id=\"focus\">Fokus: SEM<br \/>\nLevel: Alle<\/p>\n<p id=\"headline\">\n<a href=\"\/2011\/tag2\/#p325b\">1 Mio Keywords! &#8211; Und jetzt?  Willhaben.at \u2013 Komplette Account- Neustrukturierung von \u00d6sterreichs gr\u00f6\u00dftem Anzeigenportal<\/a>\n<\/p>\n<p id=\"speak\"><strong>Jan Radanitsch<\/strong>, Smarter Ecommerce GmbH<\/p>\n<p id=\"focus\">Fokus: SEM<br \/>\nLevel: Alle<\/p>\n<\/td>\n<td class=\"panelday2ov\">\n<p id=\"headline\">\n<a href=\"\/2011\/tag2\/#p425\">Sponsored Session:<br \/>Linkbuilding &#8211; Finden, Aufbau, Management und Erfolgskontrolle von Links<br \/>\n<a href=\"\/networking-pass\/\"><img src=\"\/_images\/netwrkg_plus11.jpg\" height=\"11\" alt=\"NETWORKING+\" title=\"NETWORKING+\" border=0 style=\"margin: 5px 0;\"><\/a><br \/>\n<img src=\"http:\/\/www.risingmedia.de\/speakers-edit\/logos\/searchmetrics_300x208.gif\" width=\"130\" alt=\"\" border=0 style=\"margin: 5px 0;\"><\/a>\n<\/p>\n<p id=\"speak\"><strong>Marcus Tober<\/strong>, Searchmetrics GmbH<\/p>\n<p id=\"focus\">\n<\/td>\n<\/tr>\n<tr>\n<td class=\"timeov\">14:45<br \/>\n15:15<\/td>\n<td class=\"center\" colspan=\"4\">Kaffeepause<\/td>\n<\/tr>\n<tr>\n<td class=\"timeov\" rowspan=\"2\">15:15<br \/>\n16:30\n<\/td>\n<td class=\"panelday2ov\">\n<span style=\"color: #D90707; font-weight: bold;\">Achtung Raumwechsel: Diese Session findet im Ballsaal B statt<\/span>\n<\/td>\n<td class=\"panelday2ov\">\n<span style=\"color: #D90707; font-weight: bold;\">Achtung Raumwechsel: Diese Session findet im Ballsaal A statt<\/span>\n<\/td>\n<td class=\"panelday2ov\" rowspan=\"2\">\n<p id=\"headline\">\n<a href=\"\/2011\/tag2\/#p327\">Mobile Apps &#038; die Suchrevolution<\/a>\n<\/p>\n<p id=\"speak\">\n<strong>Stefan Mohr<\/strong>, Jung von Matt\/next<br \/>\n<strong>Stefanie Nordemann<\/strong>, Cortal Consors S.A.\n<\/p>\n<p id=\"focus\">Fokus: Mobile<br \/>Level: Alle<\/p>\n<\/td>\n<td class=\"panelday2ov\" rowspan=\"2\">\n<p id=\"headline\">\n<a href=\"\/2011\/tag2\/#p427\">Sponsored Session:<br \/>Conversion Rate Optimierung &#8211; so klappt es!<br \/>\n<a href=\"\/networking-pass\/\"><img src=\"\/_images\/netwrkg_plus11.jpg\" height=\"11\" alt=\"NETWORKING+\" title=\"NETWORKING+\" border=0 style=\"margin: 5px 0;\"><\/a><br \/>\n<img src=\"http:\/\/www.risingmedia.de\/speakers-edit\/logos\/maxymiser.png\" width=\"130\" alt=\"\" border=0 style=\"margin: 5px 0;\"><\/a>\n<\/p>\n<p id=\"speak\"><strong>Michael Jonas<\/strong>, Maxymiser<\/p>\n<p id=\"focus\">\n<\/td>\n<\/tr>\n<tr>\n<\/td>\n<td class=\"panelday2ov\">\n<p id=\"headline\">\n<a href=\"\/2011\/tag2\/#p127\">Das Top-Tool Kit: Lieblings-Tools der Suchprofis!<\/a>\n<\/p>\n<p id=\"speak\"><strong>Oliver Zenglein<\/strong>, Windeln.de<br \/>\n<strong>Sa\u0161a Ebach<\/strong>, VIPEX Organic Link Marketing<br \/>\n<strong>Marcus Tandler<\/strong>, Tandler.Doerje.Partner<br \/>\n<strong>Jens Fauldrath<\/strong>, Deutsche Telekom AG P &#038; I PSN-A Contextual Search and Advertising<br \/>\n<strong>Evert Veldhuijzen<\/strong>, Veroworx GmbH &#038; Co. KG<br \/>\n<strong>Julian Dziki<\/strong>, Seokratie<\/p>\n<p id=\"focus\">Fokus: Alle<br \/>Level: Alle<\/p>\n<\/td>\n<td class=\"panelday2ov\">\n<p id=\"headline\">\n<a href=\"\/2011\/tag2\/#p227\">Site Architecture f\u00fcr SEO Profis<\/a> <img src=\"https:\/\/smxmuenchen.de\/_images\/union-jack.jpg\" alt=\"Sessions finden teilweise oder ganz auf englisch statt.\" width=\"20\" \/>\n<\/p>\n<p id=\"speak\">\n<strong>Mikkel deMib Svendsen<\/strong>, deMib.com<br \/>\n<strong>Stefan Fischerl\u00e4nder<\/strong>, Gipfelstolz\n<\/p>\n<p id=\"focus\">Fokus: SEO<br \/>Level: Fortgeschritten<\/p>\n<\/td>\n<\/tr>\n<tr>\n<td class=\"timeov\">16:30<br \/>16:35<\/td>\n<td class=\"center\" colspan=\"4\">Kurze Pause<\/td>\n<\/tr>\n<tr>\n<td class=\"timeov\">16:35<br \/>\n17:35\n<\/td>\n<td class=\"panelday2ov\">\n<p id=\"headline\">\n<a href=\"\/2011\/tag2\/#p125\">Special SEO f\u00fcr Online Shops: Faceted Search, Content, Linkbuilding<\/a>\n<\/p>\n<p id=\"speak\"><strong>Markus H\u00f6vener<\/strong>, Bloofusion<br \/>\n<strong>Thorsten Loth<\/strong>, Sparhandy<\/p>\n<p id=\"focus\">Fokus: SEO<br \/>Level: Fortgeschritten<\/p>\n<\/td>\n<td class=\"panelday2ov\">\n<p id=\"headline\">\n<a href=\"\/2011\/tag2\/#p229\">Show me the Links<\/a>\n<\/p>\n<p id=\"speak\">\n<strong>Andre Alpar<\/strong>, Rocket Internet GmbH<br \/>\n<strong>Sepita Ansari<\/strong>, Catbird Seat GmbH\n<\/p>\n<p id=\"focus\">Fokus: SEO<br \/>Level: Fortgeschritten<\/p>\n<\/td>\n<td class=\"panelday2ov\">\n<p id=\"headline\">\n<a href=\"\/2011\/tag2\/#p329\">User Journey oder der Weg zur Konversion<\/a>\n<\/p>\n<p id=\"speak\"><strong>Simone Kienzle<\/strong>, Online Solutions Group<br \/>\n<strong>Katrin K\u00f6hler<\/strong>, COMVEL Group \u2013 weg.de \u2013 weg.at \u2013 ferien.de\n<\/p>\n<p id=\"focus\">Fokus: SEM<br \/>Level: Mittel<\/p>\n<\/td>\n<td class=\"panelday2ov\">\n<p id=\"headline\">\n<a href=\"\/2011\/tag2\/#p429\">SEO &#8211; Fragen, die Sie schon immer stellen wollten!<\/a>\n<\/p>\n<p id=\"speak\"><strong>Prof. Dr. Mario Fischer<\/strong>, Website Boosting<br \/>\n<strong>Johannes Beus<\/strong>, SISTRIX GmbH<br \/>\n<strong>Marcus Tandler<\/strong>, Tandler.Doerje.Partner<br \/>\n<strong>Jens Fauldrath<\/strong>, Deutsche Telekom AG P &#038; I PSN-A Contextual Search and Advertising<\/p>\n<p id=\"focus\">Fokus: SEO<br \/>Level: Alle<\/p>\n<\/td>\n<\/tr>\n<tr>\n<td class=\"timeov\">17:35<\/td>\n<td class=\"center\" colspan=\"4\">Konferenzende<\/td>\n<\/tr>\n<\/tbody>\n<\/table>\n<p style=\"font-weight: bold;\">\n*<img src=\"https:\/\/smxmuenchen.de\/_images\/union-jack.jpg\" alt=\"Sessions finden teilweise oder ganz auf englisch statt.\" width=\"20\" \/> Sessions finden teilweise oder ganz auf englisch statt.\n<\/p>\n<p style=\"margin: 25px 0;text-align:center; font-size: 12px;font-weight:bold;\">\nProgramm \u00dcberblick | <a href=\"\/2011\/tag1\/\">Ausf\u00fchrliches Programm Tag 1<\/a> | <a href=\"\/2011\/tag2\/\">Ausf\u00fchrliches Programm Tag 2<\/a> | <a href=\"\/2011\/workshops\/\">Workshops<\/a> | <a href=\"\/2011\/international-search-summit\/\">International Search Summit Munich<\/a><\/p>\n","protected":false},"excerpt":{"rendered":"<p>SMX M\u00fcnchen05.-06. April 2011 Programm \u00dcberblick | Ausf\u00fchrliches Programm Tag 1 | Ausf\u00fchrliches Programm Tag 2 | Workshops | International Search Summit Munich SMX M\u00fcnchen Programm &#8211; Dienstag, 5. April 2011 \u00d6ffnungszeiten der Ausstellung: 08:00 &#8211; 18:00 08:00 09:00 Registrierung + Kaffee, Tee und Fr\u00fchst\u00fcckssnack 09:00 09:45 Keynote: Rand Fishkin, <a class=\"\" href=\"https:\/\/smxmuenchen.risingmedia.eu\/en\/muenchen2011\/programm\/\">&hellip;&nbsp;Read More<\/a><\/p>\n","protected":false},"author":10,"featured_media":0,"parent":1506,"menu_order":0,"comment_status":"open","ping_status":"open","template":"page-archive.php","meta":[],"aioseo_notices":[],"_links":{"self":[{"href":"https:\/\/smxmuenchen.risingmedia.eu\/en\/wp-json\/wp\/v2\/pages\/1511"}],"collection":[{"href":"https:\/\/smxmuenchen.risingmedia.eu\/en\/wp-json\/wp\/v2\/pages"}],"about":[{"href":"https:\/\/smxmuenchen.risingmedia.eu\/en\/wp-json\/wp\/v2\/types\/page"}],"author":[{"embeddable":true,"href":"https:\/\/smxmuenchen.risingmedia.eu\/en\/wp-json\/wp\/v2\/users\/10"}],"replies":[{"embeddable":true,"href":"https:\/\/smxmuenchen.risingmedia.eu\/en\/wp-json\/wp\/v2\/comments?post=1511"}],"version-history":[{"count":4,"href":"https:\/\/smxmuenchen.risingmedia.eu\/en\/wp-json\/wp\/v2\/pages\/1511\/revisions"}],"predecessor-version":[{"id":9616,"href":"https:\/\/smxmuenchen.risingmedia.eu\/en\/wp-json\/wp\/v2\/pages\/1511\/revisions\/9616"}],"up":[{"embeddable":true,"href":"https:\/\/smxmuenchen.risingmedia.eu\/en\/wp-json\/wp\/v2\/pages\/1506"}],"wp:attachment":[{"href":"https:\/\/smxmuenchen.risingmedia.eu\/en\/wp-json\/wp\/v2\/media?parent=1511"}],"curies":[{"name":"wp","href":"https:\/\/api.w.org\/{rel}","templated":true}]}}