{"id":188,"date":"2009-10-23T16:13:13","date_gmt":"2009-10-23T14:13:13","guid":{"rendered":"http:\/\/smxmuenchen.de\/?page_id=188"},"modified":"2020-09-02T10:07:07","modified_gmt":"2020-09-02T11:07:07","slug":"ueberblick","status":"publish","type":"page","link":"https:\/\/smxmuenchen.risingmedia.eu\/en\/muenchen2010\/ueberblick\/","title":{"rendered":"Programm \u00dcberblick"},"content":{"rendered":"<p><strong><a href=\"\/2010\/programm1\/\">Ausf\u00fchrliches Programm Tag 1<\/a> \u2022 <a href=\"\/2010\/programm2\/\">Ausf\u00fchrliches Programm Tag 2<\/a><\/strong><\/p>\n<style>\nth{\nborder: none;\n}\ntable{\nborder-collapse: separate;\nborder: none;\n}\ntr{\npadding: 5px;\n}\ntr > td:first-child{\nbackground-color: rgba(68,135,206, 0.98);\n}\ntd{\npadding-left: 10px;\nborder: none;\nborder-bottom: 1px solid #111;\nborder-top: 1px solid #111;\n}\n<\/style>\n<table border=\"1\">\n<tbody>\n<tr>\n<th class=\"center\" colspan=\"4\">SMX M\u00fcnchen Programm &#8211; 23. M\u00e4rz 2010<\/p>\n<p>\u00d6ffnungszeiten der Ausstellung: 8:00 &#8211; 19:00<\/th>\n<\/tr>\n<tr>\n<td>8:00<br \/>\n9:00<\/td>\n<td class=\"center\" colspan=\"3\">Registrierung &amp; Kaffee, Tee und Fr\u00fchst\u00fcckssnack<\/td>\n<\/tr>\n<tr>\n<td>9:00<br \/>\n9:45<\/td>\n<td class=\"center\" colspan=\"3\"><a href=\"\/2010\/programm1\/#p01\">Keynote: Jordi Ribas<\/a> <img class=\"sessionLanguage\" src=\"\/_images\/union-jack.jpg\" alt=\"\" \/><br \/>\nGeneral Manager for the Microsoft European Search Technology Centre<\/p>\n<p><em>Ballsaal <\/em><\/td>\n<\/tr>\n<tr class=\"alt\">\n<td><\/td>\n<td class=\"center\"><strong>Panel 1: Grundlagen<\/strong><em> <\/em><\/td>\n<td class=\"center\" width=\"30%\"><strong>Panel 2: SEO Spezial<\/strong><em> <\/em><\/td>\n<td class=\"center\"><strong>Panel 3:  SMX f\u00fcr Fortgeschrittene<\/strong><em> <\/em><\/td>\n<\/tr>\n<tr>\n<td>9:45<br \/>\n10:45<\/td>\n<td class=\"center\"><a href=\"\/2010\/programm1\/#p02\">Die richtigen Worte finden: Tools und Techniken f\u00fcr die Keywordauswahl<\/a><\/p>\n<p><\/p>\n<div align=\"left\">\n<strong>Kai Spriestersbach<\/strong> , Senior Consultant, Blue Summit Media GmbH<br \/>\n<strong>Stefan Fischerl\u00e4nder<\/strong>, Gesch\u00e4ftsf\u00fchrer, certo it solutions &#038; training GmbH\n<\/div>\n<p><em>Garmisch Partenkirchen <\/em><\/td>\n<td class=\"center\"><a href=\"\/2010\/programm1\/#p03\">SEO Ranking Faktoren 2010<\/a><img class=\"sessionLanguage\" src=\"\/_images\/union-jack.jpg\" alt=\"\" \/><\/p>\n<p><\/p>\n<div align=\"left\">\n<strong>Marcus Tandler<\/strong>, Partner, Tandler Doerje Partner<br \/>\n<strong>Ben Hendrickson<\/strong>, Senior Engineer, SEOmoz<br \/>\n<strong>Uwe Tippmann<\/strong>, Gesch\u00e4ftsf\u00fchrer, ABAKUS Internet Marketing GmbH\n<\/div>\n<p><em>Ballsaal<\/em><\/td>\n<td class=\"center\"><a href=\"\/2010\/programm1\/#p04\">Suchmarkt der Zukunft: Wer, Weshalb, Wo?<\/a><\/p>\n<p><\/p>\n<div align=\"left\">\n<strong>Toni Pelg<\/strong>, Search Lead Bing Germany, Microsoft Consumer &#038; Online<br \/>\n<strong>Andreas Krawczyk<\/strong>, Chefredakteur, Yahoo! Deutschland<br \/>\n<strong>Niels D\u00f6rje<\/strong>, Partner, Tandler Doerje und Partner\n<\/div>\n<p><em>Atlanta <\/em><\/td>\n<\/tr>\n<tr>\n<td>10:45<br \/>\n11:15<\/td>\n<td class=\"center\" colspan=\"3\">Kaffeepause<\/td>\n<\/tr>\n<tr>\n<td>11:15<br \/>\n12:15<\/td>\n<td class=\"center\"><a href=\"\/2010\/programm1\/#p05\">Die richtigen Texte f\u00fcr Suchmaschinenmarketing<\/a><\/p>\n<p><\/p>\n<div align=\"left\">\n<strong>Patrick Aust<\/strong>, Konzeption &#038; Produkt, Sohomint GmbH<br \/>\n<strong>Ronjon M. Sarcar<\/strong>, Gesch\u00e4ftsf\u00fchrer und Gr\u00fcnder iProspect Deutschland\n<\/div>\n<p><em>Garmisch Partenkirchen <\/em><\/td>\n<td class=\"center\"><a href=\"\/2010\/programm1\/#p06\">Link Building Strategien und Taktiken<br \/>\n<\/a><a href=\"\/2010\/programm1\/#p06\"> Was Sie noch nicht wissen..<\/a><img class=\"sessionLanguage\" src=\"\/_images\/union-jack.jpg\" alt=\"\" \/><\/p>\n<p><\/p>\n<div align=\"left\">\n<strong>Prof. Dr. Mario Fischer<\/strong>, tms Institut f\u00fcr technik &#038; marktstrategien<br \/>\n<strong>Mikkel deMib Svendsen<\/strong>, Creative Director, deMib.com ApS<br \/>\n<strong>Sebastian Wenzel<\/strong>, Manager International, Text-link-Ads.com\n<\/div>\n<p><em>Ballsaal<\/em><\/td>\n<td class=\"center\"><a href=\"\/2010\/programm1\/#p07\">Site Architecture<\/a><img class=\"sessionLanguage\" src=\"\/_images\/union-jack.jpg\" alt=\"\" \/><\/p>\n<p><\/p>\n<div align=\"left\">\n<strong>Joachim Glaubrecht<\/strong>, SEO &#038; Analytics, G+J Electronic Media Service GmbH<br \/>\n<strong>Markus Hoevener<\/strong>, Gesch\u00e4ftsf\u00fchrer, Bloofusion Germany GmbH<br \/>\n<strong>Alan Perkins<\/strong>, CEO and co-founder, SilverDisc Limited\n<\/div>\n<p><em>Atlanta <\/em><\/td>\n<\/tr>\n<tr>\n<td>12:15<br \/>\n13:45<\/td>\n<td class=\"center\" colspan=\"3\">Mittagspause<\/td>\n<\/tr>\n<tr>\n<td>13:45<br \/>\n14:30<\/td>\n<td class=\"center\" colspan=\"3\"><a href=\"\/2010\/programm1\/#p08\">Keynote: Naht das Ende von Cookies, Tracking und Targeting Techniken?<\/a><\/p>\n<p><\/p>\n<div align=\"center\">\n<strong>Peter Schaar<\/strong>, Bundesbeauftragter f\u00fcr den Datenschutz und die Informationsfreiheit<\/p>\n<p><a href=\"\/2010\/programm1\/#p08\">Diskussionrunde:<\/a><br \/>\n<strong>Thomas Duhr<\/strong>, Vice-Chairman IAB Europe\n<\/div>\n<p><em>Ballsaal<\/em><\/td>\n<\/tr>\n<tr>\n<td>14:30<br \/>\n14:35<\/td>\n<td class=\"center\" colspan=\"3\">Kurze Pause<\/td>\n<\/tr>\n<tr>\n<td>14:35<br \/>\n15:35<\/td>\n<td class=\"center\"><a href=\"\/2010\/programm1\/#p09\">Taktiken f\u00fcr die erfolgreiche Verlinkung<\/a><\/p>\n<p><\/p>\n<div align=\"left\">\n<strong>Christoph C. Cemper<\/strong>, Gesch\u00e4ftsf\u00fchrer, Cemper GmbH<br \/>\n<strong>Eva Rausch von Traubenberg<\/strong>, Junior Managerin Linkbuilding \/ SMO, Deutsche Telekom, Products and Innovation\n<\/div>\n<p><em>Garmisch Partenkirchen <\/em><\/td>\n<td class=\"center\"><a href=\"\/2010\/programm1\/#p09\">Wetten da\u00df&#8230;<br \/>\nSie nach dieser Session wissen, worauf es bei einem SEO Tool wirklich ankommt?<\/a><\/p>\n<p><\/p>\n<div align=\"left\">\n<strong>Marcus Tober<\/strong>, Gesch\u00e4ftsf\u00fchrer, Searchmetrics GmbH<br \/>\n<strong>Christoph Brenner<\/strong>, CEO, SEOlytics GmbH<br \/>\n<strong>Johannes Beus<\/strong>, Gesch\u00e4ftsf\u00fchrer, SISTRIX\n<\/div>\n<p><em>Ballsaal<\/em><\/td>\n<td class=\"center\"><a href=\"\/2010\/programm1\/#p10\">PPC &#8211; Legende und Wahrheit<\/a><\/p>\n<p><\/p>\n<div align=\"left\">\n<strong>Tom Alby<\/strong>, Director Search, Uniquedigital GmbH<br \/>\n<strong>Ronjon M. Sarcar<\/strong>, Gesch\u00e4ftsf\u00fchrer und Gr\u00fcnder iProspect Deutschland\n<\/div>\n<p><em>Atlanta <\/em><\/td>\n<\/tr>\n<tr>\n<td>15:35<br \/>\n16:05<\/td>\n<td class=\"center\" colspan=\"3\">Kaffeepause<\/td>\n<\/tr>\n<tr>\n<td>16:05<br \/>\n17:05<\/td>\n<td class=\"center\"><a href=\"\/2010\/programm1\/#p11\">Search Engine Friendly Design<\/a><\/p>\n<p><\/p>\n<div align=\"left\">\n<strong>Jens Fauldrath<\/strong>, Teamleiter SEO, Deutsche Telekom AG P &#038; I PSN-A Contextual Search and Advertising<br \/>\n<strong>Johannes Marquart<\/strong>, SEO Manager, allesklar.com\n<\/div>\n<p><em>Garmisch Partenkirchen <\/em><\/td>\n<td class=\"center\" rowspan=\"2\"><a href=\"\/2010\/programm1\/#p12\">Webmasters on the Roof All-Star Panel<\/a><img class=\"sessionLanguage\" src=\"\/_images\/union-jack.jpg\" alt=\"\" \/><\/p>\n<p><\/p>\n<div align=\"left\">\n<strong>Ralf Goetz<\/strong>, FridayNite<br \/>\n<strong>Johannes Beus<\/strong>, Sistrix<br \/>\n<strong>Mikkel deMib Svendsen<\/strong>, Creative Director, deMib.com ApS\n<\/div>\n<p><em>Ballsaal<\/em><\/td>\n<td class=\"center\"><a href=\"\/2010\/programm1\/#p13\">Cross Media \u2013 welches Medium generiert die meisten und besten Leads und was bedeutet das f\u00fcr die Budgetallokation?<\/a><\/p>\n<p><\/p>\n<div align=\"left\">\n<strong>Lars Hasselbach<\/strong>, Department Manager Online-\/Sales-Marketing, E-Plus Mobilfunk GmbH &#038; Co. KG<br \/>\n<strong>Matthias Stadelmeyer<\/strong>, Director Sales, Tradedoubler GmbH<br \/>\n<strong>Erik Siekmann<\/strong>, Vorstand, Blume 2000 new media AG\n<\/div>\n<p><em>Atlanta<\/em><\/td>\n<\/tr>\n<tr>\n<td>17:05<br \/>\n17:50<\/td>\n<td class=\"center\"><a href=\"\/2010\/programm1\/#p14\">Agentursteuerung 2010<\/a><\/p>\n<p><\/p>\n<div align=\"left\">\n<strong>Jens Jokschat<\/strong>, Gesch\u00e4ftsf\u00fchrer, pilot 1\/0<br \/>\n<strong>Ronald Paul<\/strong>, Gesch\u00e4ftsf\u00fchrer, Quisma GmbH<br \/>\n<strong>Dr. Martin Schirmbacher<\/strong>, H\u00c4RTING Rechtsanw\u00e4lte\n<\/div>\n<p><em>Garmisch Partenkirchen <\/em><\/td>\n<td class=\"center\"><a href=\"\/2010\/programm1\/#p15\">Lokale Suche, Google Maps und interaktive Stadtpl\u00e4ne: Ranking Faktoren, Chancen und Herausforderungen<\/a><\/p>\n<p><\/p>\n<div align=\"left\">\n<strong>Stefan Fischerl\u00e4nder<\/strong>, Gesch\u00e4ftsf\u00fchrer, certo it solutions &#038; training GmbH<br \/>\n<strong>Hanns Kronenberg<\/strong>, SEO Berater Suchmaschinenoptimierung und Marketing, Hanns Kronenberg SEO-Strategie.de\n<\/div>\n<p><em>Atlanta <\/em><\/td>\n<\/tr>\n<tr>\n<td>17:50<\/td>\n<td class=\"center\" colspan=\"3\">Ende Konferenztag 1<\/td>\n<\/tr>\n<tr>\n<td>19:30<\/td>\n<td class=\"center\" colspan=\"3\"><a href=\"\/2010\/party\/\">Search &amp; Metrics Bash im Vice<\/a><\/td>\n<\/tr>\n<\/tbody>\n<\/table>\n<p class=\"language\"><img class=\"languageImage\" src=\"\/_images\/union-jack.jpg\" alt=\"\" \/>Sessions finden teilweise oder ganz auf englisch statt.<\/p>\n<p><!-- \/\/  DAY 2  \/\/--><\/p>\n<table border=\"1\">\n<tbody>\n<tr>\n<th class=\"center\" colspan=\"4\">SMX M\u00fcnchen Programm &#8211; 24. M\u00e4rz 2010<\/p>\n<p>\u00d6ffnungszeiten der Ausstellung: 8:00 &#8211; 15:30<\/th>\n<\/tr>\n<tr>\n<td>8:00<br \/>\n9:00<\/td>\n<td class=\"center\" colspan=\"3\">Registrierung  &amp;  Fr\u00fchst\u00fcck<\/td>\n<\/tr>\n<tr class=\"alt\">\n<td><\/td>\n<td class=\"center\"><strong>Panel 1: SMX Taktik<\/strong><\/td>\n<td class=\"center\" width=\"30%\"><strong>Panel 2: SEO Spezial<\/strong><\/td>\n<td class=\"center\"><strong>Panel 3: SEA\/SEM Spezial<\/strong><\/td>\n<\/tr>\n<tr>\n<td>9:00<br \/>\n10:15<\/td>\n<td class=\"center\"><a href=\"\/2010\/programm2\/#p01\">Social Media, Suche &amp; Reputationsmanagement<\/a><\/p>\n<p><\/p>\n<div align=\"left\">\n<strong>Hans-Joachim Gras<\/strong>, Berater f\u00fcr Reputation Control, New Communication GmbH &#038; Co.KG<br \/>\n<strong>Curt Simon Harlinghausen<\/strong>, Gesch\u00e4ftsf\u00fchrer und Gesellschafter, AKOM360\n<\/div>\n<p><em>Garmisch Partenkirchen<\/em><\/td>\n<td class=\"center\"><a href=\"\/2010\/programm2\/#p02\">SEO f\u00fcr Blended &amp; Universal Search<\/a><\/p>\n<p><\/p>\n<div align=\"left\">\nEinf\u00fchrung: <strong>Marcus Tober<\/strong>, Gesch\u00e4ftsf\u00fchrer, Searchmetrics GmbH<br \/>\nNews: <strong>Christoph Burseg<\/strong>, Gesch\u00e4ftsf\u00fchrer, TRG<br \/>\nBlog: <strong>Tom Alby<\/strong>, Director Search, Uniquedigital GmbH<br \/>\nProdukt: <strong>Jens Tonnier<\/strong>, Head of SEO, ad agents GmbH<br \/>\nLokale Suche: <strong>Philipp von St\u00fclpnagel<\/strong>, Gesch\u00e4ftsf\u00fchrer, SUMO GmbH<br \/>\nVideo: <strong>Marc Duch<\/strong>, Gruppenleitung Projekte und Entwicklung, Tomorrow Focus Technologies GmbH<br \/>\nBilder: <strong>Johannes M\u00fcller<\/strong>, Webmaster Trends Analyst, Google\n<\/div>\n<p><em>Ballsaal<\/em><\/td>\n<td class=\"center\"><a href=\"\/2010\/programm2\/#p03\">Neue und hei\u00df diskutierte Technologien: Retargeting, Bidmanagement<\/a><\/p>\n<p><\/p>\n<div align=\"left\">\n<strong>Markus Backs<\/strong>, Commercial Director, Criteo SA<br \/>\n<strong>Jens Jokschat<\/strong>, Gesch\u00e4ftsf\u00fchrer, pilot 1\/0<br \/>\n<strong>Jens Maurer<\/strong>, Gesch\u00e4ftsf\u00fchrer, DC Storm Deutschland GmbH<br \/>\n<strong>Mischa R\u00fcrup<\/strong>, Gesch\u00e4ftsf\u00fchrer\/COO der intelliAd Media GmbH\n<\/div>\n<p><em>Atlanta <\/em><\/td>\n<\/tr>\n<tr>\n<td>10:15<br \/>\n10:45<\/td>\n<td class=\"center\" colspan=\"3\">Kaffeepause<\/td>\n<\/tr>\n<tr>\n<td>10:45<br \/>\n12:00<\/td>\n<td class=\"center\"><a href=\"\/2010\/programm2\/#p04\">Konsumpsychologie und Konversionsraten<\/a><\/p>\n<p><\/p>\n<div align=\"left\">\n<strong>Moritz Habermann<\/strong>, Online-Marketing, Weblog blogzwonull.de<br \/>\n<strong>Andr\u00e9 Morys<\/strong>, Vorstand, Senior Consultant, Web Arts AG<br \/>\n<strong>Stefanie U. D\u00fcrr<\/strong>, eCommerce Project Manager, Google Deutschland GmbH\n<\/div>\n<p><em>Garmisch Partenkirchen<\/em><\/td>\n<td class=\"center\"><a href=\"\/2010\/programm2\/#p05\">SEO f\u00fcr Blended &amp; Universal Search<\/a><\/p>\n<p><\/p>\n<div align=\"left\">\nEinf\u00fchrung: <strong>Marcus Tober<\/strong>, Gesch\u00e4ftsf\u00fchrer, Searchmetrics GmbH<br \/>\nNews: <strong>Christoph Burseg<\/strong>, Gesch\u00e4ftsf\u00fchrer, TRG<br \/>\nBlog: <strong>Tom Alby<\/strong>, Director Search, Uniquedigital GmbH<br \/>\nProdukt: <strong>Jens Tonnier<\/strong>, Head of SEO, ad agents GmbH<br \/>\nLokale Suche: <strong>Philipp von St\u00fclpnagel<\/strong>, Gesch\u00e4ftsf\u00fchrer, SUMO GmbH<br \/>\nVideo: <strong>Marc Duch<\/strong>, Gruppenleitung Projekte und Entwicklung, Tomorrow Focus Technologies GmbH<br \/>\nBilder: <strong>Johannes M\u00fcller<\/strong>, Webmaster Trends Analyst, Google\n<\/div>\n<p><em>Ballsaal<\/em><\/td>\n<td class=\"center\"><a href=\"\/2010\/programm2\/#p06\">Realtime News und Suchmarketing: Was Marketingverantwortliche \u00fcber die Suche zu aktuellen Ereignissen wissen sollten<\/a><\/p>\n<p><\/p>\n<div align=\"left\">\n<strong>Stefan Fischerl\u00e4nder<\/strong>, Gesch\u00e4ftsf\u00fchrer, certo it solutions &#038; training GmbH<br \/>\n<strong>Dr. Michael Kausch<\/strong>, Gesch\u00e4ftsf\u00fchrer und Inhaber der Agentur vibrio\n<\/div>\n<p><em>Atlanta <\/em><\/td>\n<\/tr>\n<tr>\n<td>12:00<br \/>\n13:30<\/td>\n<td class=\"center\" colspan=\"3\">Mittagspause<\/td>\n<\/tr>\n<tr>\n<td>13:30<br \/>\n14:45<\/td>\n<td class=\"center\"><a href=\"\/2010\/programm2\/#p07\">Wie finden Suchmaschinen Spam &#8211; Mustererkennung durch Suchmaschinen<\/a><img class=\"sessionLanguage\" src=\"\/_images\/union-jack.jpg\" alt=\"\" \/><\/p>\n<p><\/p>\n<div align=\"left\">\n<strong>Ben Hendrickson<\/strong>, Software Developer, SEOmoz<br \/>\n<strong>Prof. Dr. Mario Fischer<\/strong>, tms Institut f\u00fcr technik &#038; marktstrategien\n<\/div>\n<p><em>Garmisch Partenkirchen<\/em><\/td>\n<td class=\"center\"><a href=\"\/2010\/programm2\/#p08\">Technische Rahmenbedingungen und Indexierbarkeit f\u00fcr gro\u00dfe Webseiten<\/a><img class=\"sessionLanguage\" src=\"\/_images\/union-jack.jpg\" alt=\"\" \/><\/p>\n<p><\/p>\n<div align=\"left\">\n<strong>Boris Bergmann<\/strong>, Boris Bergmann.com<br \/>\n<strong>Mikkel deMib Svendsen<\/strong>, Creative Director, deMib.com ApS<br \/>\n<strong>Mathias Sieg<\/strong>, Technischer Gesch\u00e4ftsf\u00fchrer, SUMO GmbH<br \/>\n<strong>Johannes M\u00fcller<\/strong>, Webmaster Trends Analyst, Google\n<\/div>\n<p><em>Ballsaal<\/em><\/td>\n<td class=\"center\"><a href=\"\/2010\/programm2\/#p09\">Fallstudien:<\/a><\/p>\n<p><a href=\"\/2010\/programm2\/#p09\">Herausforderungen in der Umsetzung einer internationalen SEM Strategie bei BMW<\/a><\/p>\n<p><\/p>\n<div align=\"left\">\n<strong>Florian Resinger<\/strong>, Manager Marketing &#038; Communciations, BMW Group\n<\/div>\n<p><a href=\"\/2010\/programm2\/#p09\">Google Grants &#8211; PR Gag oder echte Hilfe f\u00fcr gemeinn\u00fctzige Organisationen &#8211; Katharina Witt Stiftung<\/a><\/p>\n<p><\/p>\n<div align=\"left\">\n<strong>Axel Zawierucha<\/strong>, Gesch\u00e4ftsf\u00fchrer, internetwarriors gmbH\n<\/div>\n<p><em>Atlanta <\/em><\/td>\n<\/tr>\n<tr>\n<td>14:45<br \/>\n15:15<\/td>\n<td class=\"center\" colspan=\"3\">Kaffeepause<\/td>\n<\/tr>\n<tr>\n<td>15:15<br \/>\n16:15<\/td>\n<td class=\"center\"><a href=\"\/2010\/programm2\/#p10\">Search and the Law<br \/>\nDOs and DON&#8217;Ts bei der Suchmaschinenwerbung.<\/a><\/p>\n<p><\/p>\n<div align=\"left\">\nD<strong>r. Martin Schirmbacher<\/strong>, H\u00c4RTING Rechtsanw\u00e4lte\n<\/div>\n<p><em>Garmisch Partenkirchen<\/em><\/td>\n<td class=\"center\"><a href=\"\/2010\/programm2\/#p11\">Inhouse SEO<\/a><\/p>\n<p><\/p>\n<div align=\"left\">\n<strong>Florian Stelzner<\/strong>, SEO Manager, Xing AG<br \/>\n<strong>Olga Dick<\/strong>, Suchmaschinen-Marketing, Siemens Divisionen Industry Automation und Drive Technologies<br \/>\n<strong>Marcell Sark\u00f6zy<\/strong>, Head of SEO, Sixt AG\n<\/div>\n<p><em>Atlanta <\/em><\/td>\n<td class=\"center\"><a href=\"\/2010\/programm2\/#p12\">PPC Blackhat und wie Sie Ihre Kampagnen davor sch\u00fctzen<\/a><\/p>\n<p><\/p>\n<div align=\"left\">\n<strong>Christian Bennefeld<\/strong>, Gesch\u00e4ftsf\u00fchrer, etracker GmbH<br \/>\n<strong>Evert Veldhuijzen<\/strong>, Managing Director Deutschland Onetomarket, Gesellschafter Veroworx KG<br \/>\n<strong>Tim Ringel<\/strong>, Gesch\u00e4ftsf\u00fchrer, metapeople GmbH\n<\/div>\n<p><em>Ballsaal<\/em><\/td>\n<\/tr>\n<tr>\n<td>16:15<br \/>\n16:20<\/td>\n<td class=\"center\" colspan=\"3\">Kurze Pause<\/td>\n<\/tr>\n<tr>\n<td>16:20<br \/>\n17:20<\/td>\n<td class=\"center\"><a href=\"\/2010\/programm2\/#p13\">SEO Keyword Management f\u00fcr Fortgeschrittene<\/a><\/p>\n<p><\/p>\n<div align=\"left\">\n<strong>Andreas Rembo<\/strong>w, Manager Search Engine Optimization, Deutsche Telekom AG, Products &#038; Innovation<br \/>\n<strong>Karsten Krienke<\/strong>, Gr\u00fcnder und Gesch\u00e4ftsf\u00fchrer, Sohomint GmbH\n<\/div>\n<p><em>Garmisch Partenkirchen<\/em><\/td>\n<td class=\"center\"><a href=\"\/2010\/programm2\/#p14\">Ask the SEOs<\/a><\/p>\n<p><\/p>\n<div align=\"left\">\n<strong>Prof. Dr. Mario Fischer<\/strong>, tms Institut f\u00fcr technik &#038; marktstrategien<br \/>\n<strong>Jens Fauldrath<\/strong>, Teamleiter SEO, Deutsche Telekom AG P &#038; I PSN-A Contextual Search and Advertising<br \/>\n<strong>Christoph C. Cemper<\/strong>, Gesch\u00e4fstf\u00fchrer, Cemper GmbH<br \/>\n<strong>Uwe Tippmann<\/strong>, Gesch\u00e4ftsf\u00fchrer, ABAKUS Internet Marketing GmbH\n<\/div>\n<p><em>Ballsaal<\/em><\/td>\n<td class=\"center\"><a href=\"\/2010\/programm2\/#p15\">Google Adwords f\u00fcr SEM Profis<\/a><\/p>\n<p><\/p>\n<div align=\"left\">\n<strong>Marc Hoeft<\/strong>, Head of SEM, pilot 1\/0<br \/>\n<strong>Daniela Moisel<\/strong>, Online Marketing Leitung, opodo GmbH\n<\/div>\n<p><em>Atlanta <\/em><\/td>\n<\/tr>\n<tr>\n<td>17:20<\/td>\n<td class=\"center\" colspan=\"3\">Konferenzende<\/td>\n<\/tr>\n<\/tbody>\n<\/table>\n<p class=\"language\"><img class=\"languageImage\" src=\"\/_images\/union-jack.jpg\" alt=\"\" \/>Sessions finden teilweise oder ganz auf englisch statt.<\/p>\n","protected":false},"excerpt":{"rendered":"<p>Ausf\u00fchrliches Programm Tag 1 \u2022 Ausf\u00fchrliches Programm Tag 2 SMX M\u00fcnchen Programm &#8211; 23. M\u00e4rz 2010 \u00d6ffnungszeiten der Ausstellung: 8:00 &#8211; 19:00 8:00 9:00 Registrierung &amp; Kaffee, Tee und Fr\u00fchst\u00fcckssnack 9:00 9:45 Keynote: Jordi Ribas General Manager for the Microsoft European Search Technology Centre Ballsaal Panel 1: Grundlagen Panel 2: <a class=\"\" href=\"https:\/\/smxmuenchen.risingmedia.eu\/en\/muenchen2010\/ueberblick\/\">&hellip;&nbsp;Read More<\/a><\/p>\n","protected":false},"author":10,"featured_media":0,"parent":175,"menu_order":0,"comment_status":"open","ping_status":"open","template":"page-archive.php","meta":[],"aioseo_notices":[],"_links":{"self":[{"href":"https:\/\/smxmuenchen.risingmedia.eu\/en\/wp-json\/wp\/v2\/pages\/188"}],"collection":[{"href":"https:\/\/smxmuenchen.risingmedia.eu\/en\/wp-json\/wp\/v2\/pages"}],"about":[{"href":"https:\/\/smxmuenchen.risingmedia.eu\/en\/wp-json\/wp\/v2\/types\/page"}],"author":[{"embeddable":true,"href":"https:\/\/smxmuenchen.risingmedia.eu\/en\/wp-json\/wp\/v2\/users\/10"}],"replies":[{"embeddable":true,"href":"https:\/\/smxmuenchen.risingmedia.eu\/en\/wp-json\/wp\/v2\/comments?post=188"}],"version-history":[{"count":3,"href":"https:\/\/smxmuenchen.risingmedia.eu\/en\/wp-json\/wp\/v2\/pages\/188\/revisions"}],"predecessor-version":[{"id":9615,"href":"https:\/\/smxmuenchen.risingmedia.eu\/en\/wp-json\/wp\/v2\/pages\/188\/revisions\/9615"}],"up":[{"embeddable":true,"href":"https:\/\/smxmuenchen.risingmedia.eu\/en\/wp-json\/wp\/v2\/pages\/175"}],"wp:attachment":[{"href":"https:\/\/smxmuenchen.risingmedia.eu\/en\/wp-json\/wp\/v2\/media?parent=188"}],"curies":[{"name":"wp","href":"https:\/\/api.w.org\/{rel}","templated":true}]}}