{"id":3851,"date":"2011-05-26T11:02:10","date_gmt":"2011-05-26T09:02:10","guid":{"rendered":"http:\/\/smxmuenchen.de\/?page_id=3851"},"modified":"2023-05-16T15:36:07","modified_gmt":"2023-05-16T13:36:07","slug":"referent-werden","status":"publish","type":"page","link":"https:\/\/smxmuenchen.risingmedia.eu\/en\/referent-werden\/","title":{"rendered":"Speaker Application"},"content":{"rendered":"<p><!--h3>Speaker Application Submission are open from May 15 on.<\/h3-->\n<p><!--h3>Speaker Submissions are closed.<\/h3-->\n<h2>Thank you for considering to speak at SMX Munich!<\/h2>\n<h2 style=\"margin-bottom: 35px;\">Kindly read the following information on the speaker application process for SMX Munich 2024.<\/h2>\n<div class=\"col-md-6 pull-right\" style=\"border: 2px #feae00 solid; padding: 30px 20px; margin-bottom: 35px;\">\n<h5 style=\"text-align: center;\"><strong>Hints &amp; Tips for Writing Your Abstract<\/strong><\/h5>\n<p>Imagine yourself an attendee sitting in the audience when you give your presentation. What would you like to hear (or not)? What would make a positive impression and make you feel your time well-spent? Consider those questions carefully when you write your abstract.<\/p>\n<p>For starters two quick rules: Don\u2019t be commercial, and don\u2019t overuse buzzwords. Both will lessen your chances of being accepted.<\/p>\n<p>Say enough, but don\u2019t say too much. One sentence \u2013 or a list of bullets \u2013 is definitely not enough. More than 100 words is usually too much. Express your message fully but succinctly.<\/p>\n<p>Be HandsOn: Your proposal should be as specific as possible. With few exceptions, SMX sessions are tactical and contain actionable information. If the participants are looking forward to implementing what they have learned directly after your session, then you are on the right track.<\/p>\n<\/div>\n<div class=\"col-md-6\">\n<h5><strong>A few more important points before you submit your pitch:<\/strong><\/h5>\n<ul>\n<li style=\"margin-bottom: 15px;\"><strong>No sales pitch!<\/strong> Attendees come to the conference to learn, not to hear about what you sell. If you would like to present you company or your services, then please have a look at our <a href=\"https:\/\/smxmuenchen.de\/en\/sponsern\/\" target=\"_blank\" rel=\"noopener noreferrer\">sponsoring options<\/a>.<\/li>\n<li style=\"margin-bottom: 15px;\">If you\u2019re accepted, you\u2019ll receive a full two day SMX Munich pass, including speaker\u2019s dinner on March 11, the SMX After Dark Networking event on March 12 and lots of promotional love.<\/li>\n<li style=\"margin-bottom: 15px;\">There is no fee to submit an idea or a speaking pitch, nor do we pay any session speakers to present at SMX. Please note that we unfortunately can\u2019t cover any T&amp;E.<\/li>\n<li style=\"margin-bottom: 15px;\">If the application is not submitted by a potential speaker himself but by an agency, assistant or PR department, for example, the contact details of both the submitter and the proposed person must be provided. <strong>The submitter must ensure that it is entitled to propose the speaker and that he\/she is informed about the conditions mentioned here.<\/strong><\/li>\n<\/ul>\n<\/div>\n<div style=\"clear: both;\"><\/div>\n<p>Please have a look at our detailed <a href=\"\/referenten-teilnahmebedingungen\/\" target=\"_blank\" rel=\"noopener noreferrer\"><strong>speaker submissions conditions<\/strong><\/a>.<\/p>\n<p>Deadline for submissions is October 31, 2023 and you will hear from us between October and December 2023 at the latest. If we are convinced that your topic and you are a perfect fit you might hear from us sooner. It&#8217;s definitely an advantage to submit early to ensure that &#8220;your&#8221; topic is not taken already.<\/p>\n<p><strong>We look forward to hearing from you!&lt;\/&gt;<\/strong><\/p>\n<p><!--hr \/>\n\n<!--h5 style=\"margin-top: 35px;\"><strong>Wie geht es weiter?<\/strong><\/h5>\n\n\nDas Programm der n\u00e4chsten SMX M\u00fcnchen wird im Herbst 2019 erstellt. Aufgrund der hohen Anzahl an Referentenvorschl\u00e4gen und \u2013 bewerbungen bitten wir dich, von Nachfragen bzgl. des Standes deines eingereichten Vorschlages abzusehen. Wir melden uns auf jeden Fall bei dir.\n\n<strong>Alle Referenten erhalten zwischen Oktober und Dezember 2019 eine Benachrichtigung.<\/strong><\/p-->\n<div style=\"text-align: center; margin: 35px 0;\"><a class=\"btn btn-lg btn-primary\" title=\"Speaker submission form\" href=\"https:\/\/docs.google.com\/forms\/d\/e\/1FAIpQLSdbSztnyZb12_XwvoaC4N1UYzXN2Uv8TiyzaZmfCec4U1hAoA\/viewform\" target=\"_blank\" rel=\"600-600 noopener noreferrer\">Speaker submission form<\/a><\/div>\n<hr \/>\n<div style=\"clear: both;\"><\/div>\n<div class=\"col-md-3\"><a href=\"https:\/\/smxmuenchen.de\/wp-content\/uploads\/2019\/07\/wsi-imageoptim-Jamie_Alberico_01A7753.jpeg\" rel=\"lightbox-0\"><img loading=\"lazy\" class=\"aligncenter size-medium wp-image-13175 img-responsive\" src=\"https:\/\/smxmuenchen.de\/wp-content\/uploads\/2019\/07\/wsi-imageoptim-Jamie_Alberico_01A7753-300x200.jpeg\" alt=\"\" width=\"300\" height=\"200\" srcset=\"https:\/\/smxmuenchen.risingmedia.eu\/wp-content\/uploads\/2019\/07\/wsi-imageoptim-Jamie_Alberico_01A7753-300x200.jpeg 300w, https:\/\/smxmuenchen.risingmedia.eu\/wp-content\/uploads\/2019\/07\/wsi-imageoptim-Jamie_Alberico_01A7753-768x512.jpeg 768w, https:\/\/smxmuenchen.risingmedia.eu\/wp-content\/uploads\/2019\/07\/wsi-imageoptim-Jamie_Alberico_01A7753-1024x682.jpeg 1024w, https:\/\/smxmuenchen.risingmedia.eu\/wp-content\/uploads\/2019\/07\/wsi-imageoptim-Jamie_Alberico_01A7753.jpeg 1280w\" sizes=\"(max-width: 300px) 100vw, 300px\" \/><\/a><\/div>\n<div class=\"col-md-3\"><a href=\"https:\/\/smxmuenchen.de\/wp-content\/uploads\/2019\/07\/wsi-imageoptim-Jim_Sterne_G0A4065.jpeg\" rel=\"lightbox-1\"><img loading=\"lazy\" class=\"aligncenter size-medium wp-image-13176 img-responsive\" src=\"https:\/\/smxmuenchen.de\/wp-content\/uploads\/2019\/07\/wsi-imageoptim-Jim_Sterne_G0A4065-300x200.jpeg\" alt=\"\" width=\"300\" height=\"200\" srcset=\"https:\/\/smxmuenchen.risingmedia.eu\/wp-content\/uploads\/2019\/07\/wsi-imageoptim-Jim_Sterne_G0A4065-300x200.jpeg 300w, https:\/\/smxmuenchen.risingmedia.eu\/wp-content\/uploads\/2019\/07\/wsi-imageoptim-Jim_Sterne_G0A4065-768x512.jpeg 768w, https:\/\/smxmuenchen.risingmedia.eu\/wp-content\/uploads\/2019\/07\/wsi-imageoptim-Jim_Sterne_G0A4065-1024x682.jpeg 1024w, https:\/\/smxmuenchen.risingmedia.eu\/wp-content\/uploads\/2019\/07\/wsi-imageoptim-Jim_Sterne_G0A4065.jpeg 1280w\" sizes=\"(max-width: 300px) 100vw, 300px\" \/><\/a><\/div>\n<div class=\"col-md-3\"><a href=\"https:\/\/smxmuenchen.de\/wp-content\/uploads\/2019\/07\/wsi-imageoptim-rand_fishkin_01A5474.jpeg\" rel=\"lightbox-2\"><img loading=\"lazy\" class=\"aligncenter size-medium wp-image-13177 img-responsive\" src=\"https:\/\/smxmuenchen.de\/wp-content\/uploads\/2019\/07\/wsi-imageoptim-rand_fishkin_01A5474-300x200.jpeg\" alt=\"\" width=\"300\" height=\"200\" srcset=\"https:\/\/smxmuenchen.risingmedia.eu\/wp-content\/uploads\/2019\/07\/wsi-imageoptim-rand_fishkin_01A5474-300x200.jpeg 300w, https:\/\/smxmuenchen.risingmedia.eu\/wp-content\/uploads\/2019\/07\/wsi-imageoptim-rand_fishkin_01A5474-768x512.jpeg 768w, https:\/\/smxmuenchen.risingmedia.eu\/wp-content\/uploads\/2019\/07\/wsi-imageoptim-rand_fishkin_01A5474-1024x682.jpeg 1024w, https:\/\/smxmuenchen.risingmedia.eu\/wp-content\/uploads\/2019\/07\/wsi-imageoptim-rand_fishkin_01A5474.jpeg 1280w\" sizes=\"(max-width: 300px) 100vw, 300px\" \/><\/a><\/div>\n<div class=\"col-md-3\">\n<p><a href=\"https:\/\/smxmuenchen.de\/wp-content\/uploads\/2019\/07\/wsi-imageoptim-Tom_Alby_01A9582.jpeg\" rel=\"lightbox-3\"><img loading=\"lazy\" class=\"aligncenter size-medium wp-image-13178 img-responsive\" src=\"https:\/\/smxmuenchen.de\/wp-content\/uploads\/2019\/07\/wsi-imageoptim-Tom_Alby_01A9582-300x200.jpeg\" alt=\"\" width=\"300\" height=\"200\" srcset=\"https:\/\/smxmuenchen.risingmedia.eu\/wp-content\/uploads\/2019\/07\/wsi-imageoptim-Tom_Alby_01A9582-300x200.jpeg 300w, https:\/\/smxmuenchen.risingmedia.eu\/wp-content\/uploads\/2019\/07\/wsi-imageoptim-Tom_Alby_01A9582-768x512.jpeg 768w, https:\/\/smxmuenchen.risingmedia.eu\/wp-content\/uploads\/2019\/07\/wsi-imageoptim-Tom_Alby_01A9582-1024x682.jpeg 1024w, https:\/\/smxmuenchen.risingmedia.eu\/wp-content\/uploads\/2019\/07\/wsi-imageoptim-Tom_Alby_01A9582.jpeg 1280w\" sizes=\"(max-width: 300px) 100vw, 300px\" \/><\/a><\/p>\n<div style=\"clear: both;\"><\/div>\n<\/div>\n<p><!--h3>Speaker Submissions are closed.<\/h3-->\n<div class=\"col-md-6\"><\/div>\n<p><\/p>","protected":false},"excerpt":{"rendered":"<p>Thank you for considering to speak at SMX Munich! Kindly read the following information on the speaker application process for SMX Munich 2024. Hints &amp; Tips for Writing Your Abstract Imagine yourself an attendee sitting in the audience when you give your presentation. What would you like to hear (or <a class=\"\" href=\"https:\/\/smxmuenchen.risingmedia.eu\/en\/referent-werden\/\">&hellip;&nbsp;Read More<\/a><\/p>\n","protected":false},"author":10,"featured_media":15240,"parent":0,"menu_order":0,"comment_status":"closed","ping_status":"closed","template":"page-2024.php","meta":[],"aioseo_notices":[],"_links":{"self":[{"href":"https:\/\/smxmuenchen.risingmedia.eu\/en\/wp-json\/wp\/v2\/pages\/3851"}],"collection":[{"href":"https:\/\/smxmuenchen.risingmedia.eu\/en\/wp-json\/wp\/v2\/pages"}],"about":[{"href":"https:\/\/smxmuenchen.risingmedia.eu\/en\/wp-json\/wp\/v2\/types\/page"}],"author":[{"embeddable":true,"href":"https:\/\/smxmuenchen.risingmedia.eu\/en\/wp-json\/wp\/v2\/users\/10"}],"replies":[{"embeddable":true,"href":"https:\/\/smxmuenchen.risingmedia.eu\/en\/wp-json\/wp\/v2\/comments?post=3851"}],"version-history":[{"count":147,"href":"https:\/\/smxmuenchen.risingmedia.eu\/en\/wp-json\/wp\/v2\/pages\/3851\/revisions"}],"predecessor-version":[{"id":15592,"href":"https:\/\/smxmuenchen.risingmedia.eu\/en\/wp-json\/wp\/v2\/pages\/3851\/revisions\/15592"}],"wp:featuredmedia":[{"embeddable":true,"href":"https:\/\/smxmuenchen.risingmedia.eu\/en\/wp-json\/wp\/v2\/media\/15240"}],"wp:attachment":[{"href":"https:\/\/smxmuenchen.risingmedia.eu\/en\/wp-json\/wp\/v2\/media?parent=3851"}],"curies":[{"name":"wp","href":"https:\/\/api.w.org\/{rel}","templated":true}]}}