{"id":4090,"date":"2011-11-03T14:18:08","date_gmt":"2011-11-03T12:18:08","guid":{"rendered":"http:\/\/smxmuenchen.de\/?page_id=4090"},"modified":"2015-06-24T10:41:17","modified_gmt":"2015-06-24T08:41:17","slug":"international-search-summit","status":"publish","type":"page","link":"https:\/\/smxmuenchen.risingmedia.eu\/en\/muenchen2012\/international-search-summit\/","title":{"rendered":"International Search Summit"},"content":{"rendered":"<p><img loading=\"lazy\" src=\"https:\/\/smxmuenchen.de\/wp-content\/uploads\/2011\/11\/ISS-logo-small.jpg\" alt=\"International Search Summit\" title=\"International Search Summit\" width=\"200\" height=\"87\" align=\"right\" \/><\/p>\n<h2>Thursday 29th March, 2012, Hilton Munich Park Hotel<\/h2>\n<div class=\"programm_navi\" style=\"clear: both;\">\n<a href=\"\/muenchen2012\/programm\/\">Programm \u00dcberblick<\/a> | <a href=\"\/muenchen2012\/tag1\/\">Ausf\u00fchrliches Programm Tag 1<\/a> | <a href=\"\/muenchen2012\/tag2\/\">Ausf\u00fchrliches Programm Tag 2<\/a><br \/>\n<a href=\"\/muenchen2012\/workshops\/\">Workshops<\/a> | International Search Summit Munich<\/a>\n<\/div>\n<p>\u201cI came to the International Search Summit with an international SEO problem. I left with a solution.\u201d  &#8211; Dan McCourt, Ecommerce Manager, SouthCo \u2013 ISS New York delegate <\/p>\n<p>\nThe International Search Summit talks international search with international experts. It\u2019s the only event focused on multinational search marketing issues and provides practical advice, solutions and techniques for improving global online performance.<\/p>\n<p>\nAt the International Search Summit you\u2019ll get:<\/p>\n<ul>\n<li>In-depth sessions on International SEO, PPC and Social Media topics<\/li>\n<li>Networking opportunities with international search experts and global search engines<\/li>\n<li>Breakout discussion groups to delve deeper into specific topics, share experiences and solve problems<\/li>\n<li>Global marketing insights to help shape your international online activity<\/li>\n<li> Access to Global Central Insights \u2013 a knowledge bank of information, research and data on international search topics (12 months access)<\/li>\n<\/ul>\n<p>Check out the sessions and speakers below!<\/p>\n<table border=\"1\">\n<tbody>\n<tr>\n<th class=\"center\" colspan=\"2\"><strong>International Search Summit Munich &#8211; 29th March 2012<\/strong><\/th>\n<\/tr>\n<tr>\n<td><strong>08:00<br \/>\n09:00<\/strong><\/td>\n<td>\n<a name=\"iss01\"><\/a><\/p>\n<p id=\"disc3\">Registration<\/p>\n<\/td>\n<\/tr>\n<tr>\n<td><strong>09:00<br \/>\n09:30<\/strong><\/td>\n<td>\n<a name=\"iss02\"><\/a><br \/>\n<img loading=\"lazy\" src=\"http:\/\/www.internationalsearchsummit.com\/managed\/Image\/schedual-logos\/webcertain.jpg\" width=\"132\" height=\"33\" alt=\"\" style=\"float:right;margin: 5px 5px;\" border=0><\/p>\n<p id=\"headline3\">Introduction to International Search &#8211; A Checklist<\/p>\n<p id=\"disc3\">\nAndy will introduce a day of international search by looking at the major issues marketers face targeting search engines globally and present a checklist of key factors to consider when entering new international markets.<\/p>\n<p><id=\"speak3\"><br \/>\n<a href=\"\/2012\/referenten\/#95\"><strong>Andy Atkins-Kr\u00fcger<\/strong><\/a> &#8211; WebCertain<\/p>\n<p id=\"room3\"><\/td>\n<\/td>\n<\/tr>\n<tr>\n<td><strong>09:30<br \/>\n10:00<\/strong><\/td>\n<td>\n<a name=\"iss03\"><\/a><\/p>\n<p id=\"headline3\">Global Search and Social Trends<\/p>\n<p id=\"disc3\">\nWhat are the key trends in search and social media around the world? How does online behaviour vary between web users in different markets? And how does this information help? In this session Brett will look at brand new data and discuss how marketers can use it to optimize and strengthen their global marketing efforts, with particular emphasis on Google and the introduction of Search Plus Your World.\n<\/p>\n<p><id=\"speak3\"><a href=\"\/2012\/referenten\/#847\"><strong>Brett Petersen<\/strong><\/a> &#8211; GlobalWebIndex<\/p>\n<\/p>\n<p id=\"room3\"><\/td>\n<\/td>\n<\/tr>\n<tr>\n<td><strong>10:00<br \/>\n10:30<\/strong><\/td>\n<td>\n<a name=\"iss04\"><\/a><\/p>\n<p id=\"headline3\">Global Search &#038; Social Case Study<\/p>\n<p id=\"disc3\">\nTracy will present a case study demonstrating how global search results were altered as a result of a social media crisis. She will discuss how the team identified, prioritised and addressed user behaviour to &#8216;save&#8217; search results, customer satisfaction and avert social media doom.\n<\/p>\n<p><id=\"speak3\"><a href=\"\/2012\/referenten\/#852\"><strong>Tracy Falke<\/strong><\/a> &#8211; Streetsmart Social<\/p>\n<\/p>\n<p id=\"room3\"><\/td>\n<\/td>\n<\/tr>\n<tr>\n<td><strong>10:30<br \/>\n10:50<\/strong><\/td>\n<td>\n<a name=\"p103\"><\/a><\/p>\n<p id=\"disc3\">Coffee Break<\/p>\n<\/td>\n<\/tr>\n<tr>\n<td><strong>10:50<br \/>\n11:20<\/strong><\/td>\n<td>\n<a name=\"iss06\"><\/a><br \/>\n<img src=\"http:\/\/www.internationalsearchsummit.com\/managed\/Image\/google-logo(1).jpg\" width=\"130\" alt=\"\" style=\"float:right;margin: 5px 5px;\" border=0><\/p>\n<p id=\"headline3\">Google: New Markup for Multilingual Content <\/p>\n<p id=\"disc3\">Google has announced changes to the way it manages language\/country targeting, which will affect anyone running websites in more than one language or country. This session will analyse the impact of the changes and offer advice on how to implement them effectively.\n<\/p>\n<p><id=\"speak3\"><a href=\"\/2012\/referenten\/#191\"><strong>John Mueller<\/strong><\/a> &#8211; Google<\/p>\n<p id=\"room3\"><\/td>\n<\/td>\n<\/tr>\n<tr>\n<td><strong>11:20<br \/>\n11:50<\/strong><\/td>\n<td>\n<a name=\"iss07\"><\/a><\/p>\n<p id=\"headline3\">SEO: International Link Building<\/p>\n<p id=\"disc3\">Covering the fundamentals of international link-building, as well as new developments Bastian will give a comprehensive guide to setting up and developing a successful global link-building campaign. He will present a comparison of several key markets to demonstrate the importance of building a localized strategy for each target market and share tactics for doing so.\n<\/p>\n<p><id=\"speak3\"><a href=\"\/2012\/referenten\/#287\"><strong>Bastian Grimm<\/strong><\/a> &#8211; Grimm Digital<\/p>\n<p id=\"room3\"><\/td>\n<\/td>\n<\/tr>\n<tr>\n<td><strong>11:50<br \/>\n12:30<\/strong><\/td>\n<td>\n<a name=\"iss08\"><\/a><\/p>\n<p id=\"headline3\">Breakout session: Interactive Debate<\/p>\n<p id=\"disc3\">\nBreakout into small groups to discuss specific topics in more detail and share experiences, challenges and solutions. <\/p>\n<p>\nModerators are <a href=\"\/2012\/referenten\/#95\"><strong>Andy Atkins-Kr\u00fcger<\/strong><\/a> and <a href=\"\/2012\/referenten\/#287\"><strong>Bastian Grimm<\/strong><\/a>\n<\/p>\n<p><!--p id=\"speak3\"><a href=\"\/2011\/referenten\/#EugeneLomize\"><strong>Evgeny Lomize<\/strong><\/a> - Yandex<\/p-->\n<p id=\"room3\"><\/td>\n<\/td>\n<\/tr>\n<tr>\n<td><strong>12:30<br \/>\n13:30<\/strong><\/td>\n<td>\n<a name=\"iss10\"><\/a><\/p>\n<p id=\"disc3\">Lunch<\/p>\n<\/td>\n<\/tr>\n<tr>\n<td><strong>13:30<br \/>\n14:00<\/strong><\/td>\n<td>\n<a name=\"iss11\"><\/a><\/p>\n<p id=\"headline3\">International PPC- Case Study<\/p>\n<p id=\"disc3\">\nbe2 and C-Date are two leading international dating platforms, targeting 39 markets around the world. Head of SEM Niall Donohoe will discuss the complexities and challenges of running successful PPC campaigns in multiple languages and markets, sharing his experience of what works and what doesn&#8217;t in international paid search.\n<\/p>\n<p><id=\"speak3\"><a href=\"\/2012\/referenten\/#860\"><strong>Niall Donahoe<\/a><\/strong> &#8211; be2 &#038; C-date<\/p>\n<p id=\"room3\"><\/td>\n<\/td>\n<\/tr>\n<tr>\n<td><strong>14:00<br \/>\n14:30<\/strong><\/td>\n<td>\n<a name=\"iss12\"><\/a><\/p>\n<p id=\"headline3\">A Global Approach To Google Places<\/p>\n<p id=\"disc3\">\nGoogle Places has had a major impact on search and for many businesses, developing an effective local search strategy is vital for online success. Andy will look at the international impact of Google Places, identifying country-specific trends and offering advice on how to develop a local strategy, globally.\n<\/p>\n<p><id=\"speak3\"><a href=\"\/2012\/referenten\/#95\"><strong>Andy Atkins-Kr\u00fcger<\/strong><\/a> &#8211; WebCertain<\/p>\n<p id=\"room3\"><\/td>\n<\/td>\n<\/tr>\n<tr>\n<td><strong>14:30<br \/>\n15:00<\/strong><\/td>\n<td>\n<a name=\"iss13\"><\/a><\/p>\n<p id=\"headline3\">Yandex: Search in Russia and Beyond<\/p>\n<p id=\"disc3\">\nYandex has long been the most popular search engine in Russia, and following a successful IPO in 2011, it is expanding into other markets including Turkey and the Czech Republic, in the hope of replicating its Russian success. Bernard will present an overview of Yandex and its target markets, as well as sharing tips for running effective SEO and PPC campaigns.<\/p>\n<p><id=\"speak3\"><a href=\"\/2012\/referenten\/#866\"><strong>Bernard Lukey<\/strong><\/a> &#8211; Yandex<\/p>\n<\/p-->\n<p id=\"room3\"><\/td>\n<\/td>\n<\/tr>\n<tr>\n<td><strong>15:00<br \/>\n15:30<\/strong><\/td>\n<td>\n<a name=\"iss15\"><\/a><\/p>\n<p id=\"disc3\">Afternoon coffee break<\/p>\n<\/td>\n<\/tr>\n<tr>\n<td><strong>15:30<br \/>\n16:45<\/strong><\/td>\n<td>\n<a name=\"iss16\"><\/a><\/p>\n<p id=\"headline3\">Interactive debate: Breakout Sessions<\/p>\n<p id=\"disc3\">\nBreakout into small groups to discuss specific topics in more detail and share experiences, challenges and solutions.<\/p>\n<p>\nModerators are <a href=\"\/2012\/referenten\/#95\"><strong>Andy Atkins-Kr\u00fcger<\/strong><\/a> and <a href=\"\/2012\/referenten\/#83\"><strong>Marcus Tandler<\/strong><\/a>\n<\/p>\n<p><id=\"speak3\"><\/p>\n<p id=\"room3\"><\/td>\n<\/td>\n<\/tr>\n<tr>\n<td><strong>16:45<br \/>\n17:00<\/strong><\/td>\n<td>\n<a name=\"iss17\"><\/a><\/p>\n<p id=\"headline3\">Round-Up &#038; Medallion Speaker Winner<\/p>\n<p id=\"disc3\">\n<p id=\"speak3\">\n<p id=\"room3\"><\/td>\n<\/td>\n<\/tr>\n<tr>\n<td><strong>17:00<\/strong><\/td>\n<td>\n<a name=\"iss18\"><\/a><\/p>\n<p id=\"disc3\">Networking Drinks<\/p>\n<\/td>\n<\/tr>\n<\/tbody>\n<\/table>\n<p><!--div class=\"programm_navi\">\n<a href=\"\/muenchen2012\/programm\/\">Programm \u00dcberblick<\/a> | <a href=\"\/muenchen2012\/tag1\/\">Ausf\u00fchrliches Programm Tag 1<\/a> | <a href=\"\/muenchen2012\/tag2\/\">Ausf\u00fchrliches Programm Tag 2<\/a><br \/>\n<a href=\"\/muenchen2012\/workshops\/\">Workshops<\/a> | International Search Summit Munich<\/a>\n<\/div-->\n","protected":false},"excerpt":{"rendered":"<p>Thursday 29th March, 2012, Hilton Munich Park Hotel Programm \u00dcberblick | Ausf\u00fchrliches Programm Tag 1 | Ausf\u00fchrliches Programm Tag 2 Workshops | International Search Summit Munich \u201cI came to the International Search Summit with an international SEO problem. I left with a solution.\u201d &#8211; Dan McCourt, Ecommerce Manager, SouthCo \u2013 <a class=\"\" href=\"https:\/\/smxmuenchen.risingmedia.eu\/en\/muenchen2012\/international-search-summit\/\">&hellip;&nbsp;Read More<\/a><\/p>\n","protected":false},"author":10,"featured_media":0,"parent":3636,"menu_order":0,"comment_status":"closed","ping_status":"closed","template":"","meta":[],"aioseo_notices":[],"_links":{"self":[{"href":"https:\/\/smxmuenchen.risingmedia.eu\/en\/wp-json\/wp\/v2\/pages\/4090"}],"collection":[{"href":"https:\/\/smxmuenchen.risingmedia.eu\/en\/wp-json\/wp\/v2\/pages"}],"about":[{"href":"https:\/\/smxmuenchen.risingmedia.eu\/en\/wp-json\/wp\/v2\/types\/page"}],"author":[{"embeddable":true,"href":"https:\/\/smxmuenchen.risingmedia.eu\/en\/wp-json\/wp\/v2\/users\/10"}],"replies":[{"embeddable":true,"href":"https:\/\/smxmuenchen.risingmedia.eu\/en\/wp-json\/wp\/v2\/comments?post=4090"}],"version-history":[{"count":2,"href":"https:\/\/smxmuenchen.risingmedia.eu\/en\/wp-json\/wp\/v2\/pages\/4090\/revisions"}],"predecessor-version":[{"id":9533,"href":"https:\/\/smxmuenchen.risingmedia.eu\/en\/wp-json\/wp\/v2\/pages\/4090\/revisions\/9533"}],"up":[{"embeddable":true,"href":"https:\/\/smxmuenchen.risingmedia.eu\/en\/wp-json\/wp\/v2\/pages\/3636"}],"wp:attachment":[{"href":"https:\/\/smxmuenchen.risingmedia.eu\/en\/wp-json\/wp\/v2\/media?parent=4090"}],"curies":[{"name":"wp","href":"https:\/\/api.w.org\/{rel}","templated":true}]}}