{"id":4118,"date":"2011-11-04T12:40:38","date_gmt":"2011-11-04T10:40:38","guid":{"rendered":"http:\/\/smxmuenchen.de\/?page_id=4118"},"modified":"2015-06-24T10:41:26","modified_gmt":"2015-06-24T08:41:26","slug":"workshops","status":"publish","type":"page","link":"https:\/\/smxmuenchen.risingmedia.eu\/en\/muenchen2012\/workshops\/","title":{"rendered":"Workshops"},"content":{"rendered":"<h2>SMX M\u00fcnchen<br \/>27.-28. M\u00e4rz 2012, Hilton Munich Park Hotel<\/h2>\n<div class=\"programm_navi\">\n<a href=\"\/muenchen2012\/programm\/\">Programm \u00dcberblick<\/a> | <a href=\"\/muenchen2012\/tag1\/\">Ausf\u00fchrliches Programm Tag 1<\/a> | <a href=\"\/muenchen2012\/tag2\/\">Ausf\u00fchrliches Programm Tag 2<\/a><br \/>\nWorkshops | <a href=\"\/muenchen2012\/international-search-summit\/\">International Search Summit Munich<\/a>\n<\/div>\n<hr \/>\n<p><a name=\"workshop1\"><\/a><\/p>\n<div class=\"ws_right\">\n<div id=\"sponsor\">\n<img loading=\"lazy\" src=\"https:\/\/smxmuenchen.de\/wp-content\/uploads\/2011\/11\/AdW_CertifiedTrainer.jpg\" alt=\"Google Adwords Certified Trainer\" title=\"Google Adwords Certified Trainer\" width=\"150\" height=\"150\" \/>\n<\/div>\n<div id=\"speaker\">\n<img loading=\"lazy\" src=\"http:\/\/www.risingmedia.de\/speakers\/Brad_Geddes.jpg\" alt=\"Brad Geddes\" width=\"100\" height=\"100\" \/><br \/>\nAdWords Workshopleiter:  <a target=\"_blank\" href=\"https:\/\/smxmuenchen.de\/muenchen2012\/referenten\/#656\"><strong>Brad Geddes<\/strong><\/a>\n<\/div>\n<\/div>\n<div class=\"ws_header\">\n<h2>Tagesworkshop mit Brad Geddes<\/h2>\n<p id=\"date\">\nMontag, 26. M\u00e4rz 2012<br \/>\n9:00 Uhr  \u2013  17:30 Uhr\n<\/p>\n<p id=\"price\">\nPreis: 895,00\u20ac exkl. MwSt.<br \/>\nInkludiert sind zwei Kaffeepausen, Mittagessen und Softgetr\u00e4nke w\u00e4hrend der Konferenz<br \/>&nbsp;<br \/>\nDie Workshoppl\u00e4tze sind limitiert &#8211; sichern Sie sich Ihren Platz rechtzeitig!\n<\/p>\n<p id=\"info\">\nDer Workshop wird auf englisch gehalten.\n<\/p>\n<\/div>\n<div style=\"clear: both\"><\/div>\n<p>\n<img loading=\"lazy\" src=\"https:\/\/smxmuenchen.de\/wp-content\/uploads\/2011\/11\/smxeast_logo_.jpg\" alt=\"AdWords Advanced Training\" title=\"AdWords Advanced Training\" width=\"254\" height=\"87\" align=\"left\" style=\"margin: 0 10px 10px 0;\" \/><br \/>\nAdWords ist und bleibt das Herzst\u00fcck der meisten interaktiven Kampagnen vieler Unternehmen und das obwohl es immer mehr neue Marketing Kan\u00e4le gibt. Der Grund ist simpel. Wenn Ihre PPC Kampagne effizient ist, kann das enorme Auswirkungen auf Ihr Ergebnis haben.\n<\/p>\n<p>\nM\u00f6chten Sie einen ganzen Tag mit einem der weltweit renommiertesten Experten f\u00fcr AdWords zu verbringen, sich Best Practices, fortgeschrittene Konzepte und Strategien basierend auf mehr als 10 Jahren Erfahrung holen? Brad Geddes ist im Bereich AdWords sicherlich einer der prominentesten Trainer und wir haben ihn f\u00fcr einen exklusiven Workshop nach  M\u00fcnchen geholt. Warten Sie nicht zu lange mit Ihrer Anmeldung, die Workshop Pl\u00e4tze sind limitiert.\n<\/p>\n<h4> Was werde ich lernen?<\/h4>\n<p>\nKeyword Recherche: Das Zentrum jeder PPC Kampagne sind die Keywords. Brad Geddes zeigt Ihnen effektive Methoden, um die richtigen Keywords zu recherieren und zu bestimmen. Sie lernen wie Sie Ihre Match-Type Nutzung perfektionieren und gleichzeitig die negativen Keywords kontrollieren und so Ihre Einnahmen drastisch erh\u00f6hen.\n<\/p>\n<p>\nAnsprechende Texte schreiben: Sie werden lernen, wie Sie Ihre AdWords-Texte sowohl mit Ihren Keywords als auch mit den unterschiedlichen Stadien im Kaufzyklus synchronisieren.\n<\/p>\n<p>\nTesting: Essentiell f\u00fcr den Erfolg Ihres AdWords Account ist, dass Sie Ihre Werbung testen. Und da gibt es viele M\u00f6glichkeiten &#8211; Brad Geddes zeigt Sie ihnen.\n<\/p>\n<p>\nDer Quality Score wird entmystifiziert: Der Quality Score hat mehr Effekt auf die Sichtbarkeit Ihrer Accounts als irgendeine andere Einstellung bei AdWords. Aber den Quality Score zu erh\u00f6hen ist eine schwer zu meisternde Herausforderung. Brad Geddes gibt Ihnen einen detaillierten Leitfaden, mit dem Sie die Verbesserung Ihres Quality Score priorisieren k\u00f6nnen. Lernen Sie auch, welche konkreten Aktionen Sie durchf\u00fchren sollten, um den Quality Score zu erh\u00f6hen.\n<\/p>\n<p>\nSie vergr\u00f6\u00dfern Ihre Reichweite durch das Google Display Network: Konsumenten verbringen nur ca. 5% ihrer Zeit im Suchnetzwerk, den Rest der Zeit sind sie auf Content Sites. Lernen Sie, wie Sie die Nutzer jenseits von Suche mit Kontext Werbung, Platzierungen und Enhanced Campaigns effektiv erreichen.\n<\/p>\n<p>\nKontrollieren Sie das Erscheinen Ihrer Werbung mit Location Targeting: Sind Sie auch der Meinung, dass Geo-Targeting f\u00fcr ein nationales Business nicht relevant ist? Falls ja, sollten Sie das \u00fcberdenken! Egal ob Sie einen lokalen mittelst\u00e4ndischen Betrieb oder ein globales E-Commerce Unternehmen verantworten, wenn Sie verstehen, wie Sie Kampagnen mit geografischem Targeting aufsetzen, werden Sie eine deutlich effektivere Beziehungen zu den Suchenden aufbauen.\n<\/p>\n<p>\nErh\u00f6hen Sie die Konversion Ihrer Landing Page: Der erste Eindruck eines potentiellen Kunden ist die Landing Page. Ihnen bleiben nur ein paar Sekunden, um den K\u00e4ufer zu \u00fcberzeugen und zu involvieren und diese paar Sekunden werden so zum wichtigsten Zeitpunkt im gesamten Sales Funnel. In diesem Workshop Teil lernen Sie nicht nur wie Sie es schaffen, eine ansprechende Site mit hoher Usability anzubieten, sondern auch wie Sie Ihre Landing Pages mit einer einfachen und doch h\u00f6chst effektiven Methode testen k\u00f6nnen.\n<\/p>\n<p>\nNetworking: Konferenzen sind eine fantastische M\u00f6glichkeit, um zu networken und andere Online Marketers kennenzulernen. Und auch dazu wird es in den Kaffeepausen und beim  Mittagessen viel Gelegenheit geben. Brad Geddes freut sich auf Sie!\n<\/p>\n<h4>Wer ist Brad Geddes?<\/h4>\n<p>\nBrad Geddes ist der Gr\u00fcnder von Certified Knowledge, ein Unternehmen das sich auf Beratung und Training f\u00fcr Internet und Marketing spezialisiert hat. Brad&#8217;s Workshops sind bekannt f\u00fcr immensen Wissenstransfer und er ist ein prominenter Experte in der PPC Industrie.\n<\/p>\n<p><img loading=\"lazy\" src=\"https:\/\/smxmuenchen.de\/wp-content\/uploads\/2011\/11\/AdW_CertifiedTrainer.jpg\" alt=\"Google Adwords Certified Trainer\" title=\"Google Adwords Certified Trainer\" width=\"150\" height=\"150\" align=\"right\" stayle=\"margin: 0 0 10px 10px;\" \/><\/p>\n<ul>\n<li>Google Certified AdWords Trainer<\/li>\n<li>Autor \u201cAdvanced Google AdWords\u201d<\/li>\n<li>Gastgeber Marketing Nirvana auf Webmaster Radio<\/li>\n<li>International renommierter Referent<\/li>\n<li>Hat mehr als 10,000 Unternehmen zu AdWords beraten<\/li>\n<li>Schreibt f\u00fcr Search Engine Land<\/li>\n<li>Gr\u00fcnder Certified Knowledge<\/li>\n<li>Arbeitete f\u00fcr Unternehmen mit einem Budgetrahmen von $17 bis einigen Millionen Dollar pro Monat<\/li>\n<li>Hat mit Red Lobster, Encyclopedia Britannica, Yahoo, Google, Amazon, YellowPages.com gearbeitet<\/li>\n<\/ul>\n<hr \/>\n<p><a name=\"workshop2\"><\/a><\/p>\n<div class=\"ws_right\">\n<!--div id=\"sponsor\">\n<img loading=\"lazy\" src=\"https:\/\/smxmuenchen.de\/wp-content\/uploads\/2011\/11\/AdW_CertifiedTrainer.jpg\" alt=\"Google Adwords Certified Trainer\" title=\"Google Adwords Certified Trainer\" width=\"150\" height=\"150\" \/>\n<\/div-->\n<div id=\"speaker\">\n<img loading=\"lazy\" src=\"http:\/\/www.risingmedia.de\/speakers\/Niels_Doerje.jpg\" alt=\"Niels D\u00f6rje\" width=\"100\" height=\"100\" \/><br \/>\n&nbsp;<br \/><a target=\"_blank\" href=\"https:\/\/smxmuenchen.de\/muenchen2012\/referenten\/#172\"><strong>Niels D\u00f6rje<\/strong><\/a>\n<\/div>\n<div id=\"speaker\">\n<img loading=\"lazy\" src=\"http:\/\/www.risingmedia.de\/speakers\/Marcus_Tandler.jpg\" alt=\"Marcus Tandler\" width=\"100\" height=\"100\" \/><br \/>\nWorkshopleiter:  <a target=\"_blank\" href=\"https:\/\/smxmuenchen.de\/muenchen2012\/referenten\/#83\"><strong>Marcus Tandler<\/strong><\/a>\n<\/div>\n<\/div>\n<div class=\"ws_header\">\n<h2 style=\"line-height: 130%;\">SEO Basics &#8211;  Was wirklich wichtig ist oder SEO-Experte nach einem Tag!<\/h2>\n<p id=\"date\">\nmit Marcus Tandler und Niels D\u00f6rje<br \/>\nMontag, 26. M\u00e4rz 2012<br \/>\n9:00 Uhr  \u2013  17:30 Uhr\n<\/p>\n<p id=\"price\">\nPreis: 895,00\u20ac exkl. MwSt.<br \/>\nInkludiert sind zwei Kaffeepausen, Mittagessen und Softgetr\u00e4nke w\u00e4hrend der Konferenz<br \/>&nbsp;<br \/>\nDie Workshoppl\u00e4tze sind limitiert &#8211; sichern Sie sich Ihren Platz rechtzeitig!\n<\/p>\n<p><!--p id=\"info\">\nDer Workshop wird auf englisch gehalten.\n<\/p-->\n<\/div>\n<div style=\"clear: both\"><\/div>\n<p>Was f\u00fcr eine Gelegenheit: Marcus Tandler aka Mediadonis, einer der bekanntesten deutschen SEOs und sein Partner Ex-Googler Niels D\u00f6rje, seit 1994 in Top Positionen der europ\u00e4ischen Kommunikations- und Internet-Branche wie Media Markt, Saturn Holding, Scout24, United Internet und last but not least Google halten einen exklusiven SEO Workshop. Hier wird alles erarbeitet, was wirklich z\u00e4hlt und was Sie ben\u00f6tigen um als SEO Experte wieder an Ihren Arbeitsplatz zur\u00fcckzukehren (nachdem Sie auf der SMX die fortgeschrittenen SEO Sessions besucht haben).<\/p>\n<h4>Die wichtigsten Themen im \u00dcberblick:<\/h4>\n<ul>\n<li>Google Strategie &#038; Outlook 2012<\/li>\n<li>Google Universal Search Optimization<\/li>\n<li>Google Places &#038; Local Search<\/li>\n<li>Google Product Search<\/li>\n<li>Google Image &#038; Video Search<\/li>\n<li>User Reviews &#038; Bewertungen<\/li>\n<li>Content Syndication und -Licensing<\/li>\n<li>Keyword Research<\/li>\n<li>SEO Rankingfaktoren<\/li>\n<li>Organisches Linkbuilding<\/li>\n<li>Viral Outreach und Linkbaiting<\/li>\n<li>\u00dcberblick \u00fcber aktuelle, kommende Google Updates<\/li>\n<li>User Intent<\/li>\n<li>Social Mentions als Rankingfaktor<\/li>\n<li>Author Authority<\/li>\n<\/ul>\n<p><!--div class=\"programm_navi\">\n<a href=\"\/muenchen2012\/programm\/\">Programm \u00dcberblick<\/a> | <a href=\"\/muenchen2012\/tag1\/\">Ausf\u00fchrliches Programm Tag 1<\/a> | <a href=\"\/muenchen2012\/tag2\/\">Ausf\u00fchrliches Programm Tag 2<\/a><br \/>\nWorkshops | <a href=\"\/muenchen2012\/international-search-summit\/\">International Search Summit Munich<\/a>\n<\/div-->\n","protected":false},"excerpt":{"rendered":"<p>SMX M\u00fcnchen27.-28. M\u00e4rz 2012, Hilton Munich Park Hotel Programm \u00dcberblick | Ausf\u00fchrliches Programm Tag 1 | Ausf\u00fchrliches Programm Tag 2 Workshops | International Search Summit Munich AdWords Workshopleiter: Brad Geddes Tagesworkshop mit Brad Geddes Montag, 26. M\u00e4rz 2012 9:00 Uhr \u2013 17:30 Uhr Preis: 895,00\u20ac exkl. MwSt. Inkludiert sind zwei <a class=\"\" href=\"https:\/\/smxmuenchen.risingmedia.eu\/en\/muenchen2012\/workshops\/\">&hellip;&nbsp;Read More<\/a><\/p>\n","protected":false},"author":10,"featured_media":0,"parent":3636,"menu_order":0,"comment_status":"closed","ping_status":"closed","template":"","meta":[],"aioseo_notices":[],"_links":{"self":[{"href":"https:\/\/smxmuenchen.risingmedia.eu\/en\/wp-json\/wp\/v2\/pages\/4118"}],"collection":[{"href":"https:\/\/smxmuenchen.risingmedia.eu\/en\/wp-json\/wp\/v2\/pages"}],"about":[{"href":"https:\/\/smxmuenchen.risingmedia.eu\/en\/wp-json\/wp\/v2\/types\/page"}],"author":[{"embeddable":true,"href":"https:\/\/smxmuenchen.risingmedia.eu\/en\/wp-json\/wp\/v2\/users\/10"}],"replies":[{"embeddable":true,"href":"https:\/\/smxmuenchen.risingmedia.eu\/en\/wp-json\/wp\/v2\/comments?post=4118"}],"version-history":[{"count":2,"href":"https:\/\/smxmuenchen.risingmedia.eu\/en\/wp-json\/wp\/v2\/pages\/4118\/revisions"}],"predecessor-version":[{"id":9534,"href":"https:\/\/smxmuenchen.risingmedia.eu\/en\/wp-json\/wp\/v2\/pages\/4118\/revisions\/9534"}],"up":[{"embeddable":true,"href":"https:\/\/smxmuenchen.risingmedia.eu\/en\/wp-json\/wp\/v2\/pages\/3636"}],"wp:attachment":[{"href":"https:\/\/smxmuenchen.risingmedia.eu\/en\/wp-json\/wp\/v2\/media?parent=4118"}],"curies":[{"name":"wp","href":"https:\/\/api.w.org\/{rel}","templated":true}]}}