{"id":5547,"date":"2012-11-12T14:51:43","date_gmt":"2012-11-12T12:51:43","guid":{"rendered":"http:\/\/smxmuenchen.de\/?page_id=5547"},"modified":"2015-06-24T10:48:43","modified_gmt":"2015-06-24T08:48:43","slug":"workshops","status":"publish","type":"page","link":"https:\/\/smxmuenchen.risingmedia.eu\/en\/muenchen2013\/workshops\/","title":{"rendered":"Workshops"},"content":{"rendered":"<h2>SMX M\u00fcnchen&nbsp;<br \/>9.-10. April 2013, Hilton Munich Park Hotel<\/h2>\n<div class=\"programm_navi\">\n<a href=\"\/muenchen2013\/programm\/\">Programm \u00dcberblick<\/a> | <a href=\"\/muenchen2013\/tag-1\/\">Ausf\u00fchrliches Programm Tag 1<\/a> | <a href=\"\/muenchen2013\/tag-2\/\">Ausf\u00fchrliches Programm Tag 2<\/a><br \/>\nWorkshops | <a href=\"\/muenchen2013\/international-search-summit\/\">International Search Summit Munich<\/a>\n<\/div>\n<div style=\"clear: both;\"><\/div>\n<hr \/>\n<p><a name=\"workshop1\"><\/a><\/p>\n<div class=\"ws_right\">\n<div id=\"sponsor\">\n<img loading=\"lazy\" src=\"https:\/\/smxmuenchen.de\/wp-content\/uploads\/2011\/11\/AdW_CertifiedTrainer.jpg\" alt=\"Google Adwords Certified Trainer\" title=\"Google Adwords Certified Trainer\" width=\"150\" height=\"150\" \/>\n<\/div>\n<div id=\"speaker\">\n<img loading=\"lazy\" src=\"https:\/\/1-risingmedia.com\/speaker\/Brad_Geddes.jpg\" alt=\"Brad Geddes\" width=\"100\" height=\"100\" \/><br \/>\nAdWords Workshopleiter:  <a target=\"_blank\" href=\"https:\/\/smxmuenchen.de\/muenchen2013\/referenten\/#656\"><strong>Brad Geddes<\/strong><\/a>\n<\/div>\n<\/div>\n<div class=\"ws_header\">\n<h2>Advanced AdWordsTagesworkshop<br \/>mit Brad Geddes<\/h2>\n<p id=\"date\">\nMontag, 8. April 2013<br \/>\n9:00 Uhr  \u2013  17:30 Uhr\n<\/p>\n<p style=\"color: #ff0000; font-weight: bold;\">\nnur noch 2 Pl\u00e4tze verf\u00fcgbar\n<\/p>\n<p id=\"price\">\nPreis: 895,00\u20ac exkl. MwSt.<br \/>\nInkludiert sind zwei Kaffeepausen, Mittagessen und Softgetr\u00e4nke w\u00e4hrend der Konferenz<br \/>&nbsp;<br \/>\nDie Workshoppl\u00e4tze sind limitiert &#8211; sichern Sie sich Ihren Platz rechtzeitig!\n<\/p>\n<p id=\"info\">\nDer Workshop wird auf englisch gehalten.\n<\/p>\n<\/div>\n<div style=\"clear: both\"><\/div>\n<p>\n<img loading=\"lazy\" src=\"https:\/\/smxmuenchen.de\/wp-content\/uploads\/2011\/11\/smxeast_logo_.jpg\" alt=\"AdWords Advanced Training\" title=\"AdWords Advanced Training\" width=\"254\" height=\"87\" align=\"left\" style=\"margin: 0 10px 10px 0;\" \/><br \/>\nAdWords ist und bleibt das Herzst\u00fcck der meisten interaktiven Kampagnen vieler Unternehmen und das obwohl es immer mehr neue Marketing Kan\u00e4le gibt. Der Grund ist simpel. Wenn Ihre PPC Kampagne effizient ist, kann das enorme Auswirkungen auf Ihr Ergebnis haben.\n<\/p>\n<p>\nM\u00f6chten Sie einen ganzen Tag mit einem der weltweit renommiertesten Experten f\u00fcr AdWords zu verbringen, sich Best Practices, fortgeschrittene Konzepte und Strategien basierend auf mehr als 10 Jahren Erfahrung holen? Brad Geddes ist im Bereich AdWords sicherlich einer der prominentesten Trainer und wir haben ihn auch dieses Jahr wieder f\u00fcr einen exklusiven Workshop nach M\u00fcnchen geholt. Warten Sie nicht zu lange mit Ihrer Anmeldung, die Workshop Pl\u00e4tze sind limitiert. <strong>Achtung: Brad Geddes deckt in den ersten 45 Minutes die Basics ab, alle Themen im Anschlu\u00df sind fortgeschritten. Damit ist der Workshop sowohl f\u00fcr Anf\u00e4nger als auch f\u00fcr Fortgeschrittene geeignet.<\/strong>\n<\/p>\n<h4> Was werde ich lernen?<\/h4>\n<p><strong>Best Practices:<\/strong> von Keywords zu Landing Pages. Der Workshop startet mit einer Zusammenfassung von Best Practices, f\u00fcr die PPC Experten unter den Teilnehmern ein solider Einstieg und f\u00fcr PPC Anf\u00e4nger die Basis f\u00fcr die weiterf\u00fchrenden Inhalte des Workshops.<\/p>\n<p><strong>Account Organisation:<\/strong>  ein erfolgreicher AdWords Account muss viele Variablen ber\u00fccksichtigen, wie bspw. Keywords, Match Types, Endger\u00e4te, negative Keywords, Werbung, Nutzerintension und den &#8220;Buying Funnel&#8221;. Brad Geddes zeigt Ihnen, welchen Einflu\u00df all diese Komponenten haben und wie Sie die Daten organisieren sollten, um Ihre Erfolgsaussichten zu maximieren.<\/p>\n<p><strong>Ad Copy Testing:<\/strong> nur wer seine Werbung testet &#8211; und das kontinuiertlich &#8211; dessen Account wird erfolgreich sein. Brad Geddes zeigt Ihnen Ad Copy Testing Techniken und Testbeispiele, die Sie sofort f\u00fcr Ihren eigenen Account umsetzen k\u00f6nnen.<\/p>\n<p><strong>Der Quality Score wird entmystifiziert:<\/strong> Der Quality Score hat mehr Effekt auf die Sichtbarkeit Ihrer Accounts als irgendeine andere Einstellung bei AdWords. Aber den Quality Score zu erh\u00f6hen ist eine schwer zu meisternde Herausforderung. Brad Geddes gibt Ihnen einen detaillierten Leitfaden, mit dem Sie die Verbesserung Ihres Quality Score priorisieren k\u00f6nnen. Lernen Sie auch, welche konkreten Aktionen Sie durchf\u00fchren sollten, um den Quality Score zu erh\u00f6hen.<\/p>\n<p><strong>Fortgeschrittene Bidding Fallstudien:<\/strong>  Holen Sie sich die entscheidenen Einblicke, sehen Sie wie andere Werbetreibende jenseits der grundlegenden Bidding Techniken arbeiten um den AdWords Gewinn deutlich zu steigern. F\u00fcr keine der hier vorgestellten Bidding Techniken ben\u00f6tigen Sie ein fortgeschrittenes Bidding-System.<\/p>\n<p><strong>Vergr\u00f6\u00dfern Sie Ihre Reichweite durch das Google Display Network:<\/strong> Konsumenten verbringen nur ca. 5% ihrer Zeit im Suchnetzwerk, den Rest der Zeit sind sie auf Content Sites. Lernen Sie, wie Sie die Nutzer jenseits von Suche mit intelligenten, flexiblen Targeting Methoden effektiv erreichen.<\/p>\n<p><strong>Landing Page Testing:<\/strong> der erste Eindruck eines potentiellen Kunden ist die Landing Page. Ihnen bleiben nur ein paar Sekunden, um den K\u00e4ufer zu \u00fcberzeugen und zu involvieren und diese paar Sekunden werden so zum wichtigsten Zeitpunkt im gesamten Sales Funnel. In diesem Workshop Teil lernen Sie nicht nur wie Sie es schaffen, eine ansprechende Site mit hoher Usability anzubieten, sondern auch wie Sie Ihre Landing Pages mit einer einfachen und doch h\u00f6chst effektiven Methode testen k\u00f6nnen.<\/p>\n<p><strong>Time Management: jeder hat zu viel tun und niemand hat genug Zeit.<\/strong> Brad Geddes zeigt Ihnen wie Sie mit PPC Zeitmangement Techniken Ihre wertvolle Zeit sinnvoller einsetzen k\u00f6nnen und gleichzeitig die Effizienz Ihres Accounts erh\u00f6hen.<\/p>\n<p><strong>Erweiterte Kampagnen:<\/strong> f\u00fcr Marketing in einer Multiscreen-Welt. Alles, was dazu wichtig ist und wie man die erweiterten Kampagnen effektiv einsetzen kann<\/p>\n<p><strong>Open Q&#038;A:<\/strong> selbstverst\u00e4ndlich k\u00f6nnen Sie den ganzen Tag \u00fcber Ihre Fragen mit Brad diskutieren; zus\u00e4tzlich aber haben wir am Ende des Workshops Q&#038;A Zeit einkalkuliert &#8211; bringen Sie Ihre Fragen mit. <\/p>\n<p>Brad Geddes freut sich auf Sie!<\/p>\n<h4>Wer ist Brad Geddes?<\/h4>\n<p>\nBrad Geddes ist der Gr\u00fcnder von Certified Knowledge, ein Unternehmen das sich auf Beratung und Training f\u00fcr Internet und Marketing spezialisiert hat. Brad&#8217;s Workshops sind bekannt f\u00fcr immensen Wissenstransfer und er ist ein prominenter Experte in der PPC Industrie.\n<\/p>\n<p><img loading=\"lazy\" src=\"https:\/\/smxmuenchen.de\/wp-content\/uploads\/2011\/11\/AdW_CertifiedTrainer.jpg\" alt=\"Google Adwords Certified Trainer\" title=\"Google Adwords Certified Trainer\" width=\"150\" height=\"150\" align=\"right\" stayle=\"margin: 0 0 10px 10px;\" \/><\/p>\n<ul>\n<li>Google Certified AdWords Trainer<\/li>\n<li>Autor \u201cAdvanced Google AdWords\u201d<\/li>\n<li>Gastgeber Marketing Nirvana auf Webmaster Radio<\/li>\n<li>International renommierter Referent<\/li>\n<li>Hat mehr als 10,000 Unternehmen zu AdWords beraten<\/li>\n<li>Schreibt f\u00fcr Search Engine Land<\/li>\n<li>Gr\u00fcnder Certified Knowledge<\/li>\n<li>Arbeitete f\u00fcr Unternehmen mit einem Budgetrahmen von $17 bis einigen Millionen Dollar pro Monat<\/li>\n<li>Hat mit Red Lobster, Encyclopedia Britannica, Yahoo, Google, Amazon, YellowPages.com gearbeitet<\/li>\n<\/ul>\n<div style=\"clear: both\"><\/div>\n<p><a href=\"https:\/\/smxmuenchen.de\/anmelden\/\"><img loading=\"lazy\" src=\"https:\/\/smxmuenchen.de\/wp-content\/themes\/smx2011\/images\/register-de.png\" width=\"258\" height=\"32\" alt=\"JETZT ANMELDEN\" align=\"right\" style=\"margin: 15px 0 10px 15px;\" \/><\/a><\/p>\n<div style=\"clear: both\"><\/div>\n<hr \/>\n<p><a name=\"workshop2\"><\/a><\/p>\n<div class=\"ws_right\">\n<!--div id=\"sponsor\">\n<img loading=\"lazy\" src=\"https:\/\/smxmuenchen.de\/wp-content\/uploads\/2011\/11\/AdW_CertifiedTrainer.jpg\" alt=\"Google Adwords Certified Trainer\" title=\"Google Adwords Certified Trainer\" width=\"150\" height=\"150\" \/>\n<\/div-->\n<div id=\"speaker\">\n<img loading=\"lazy\" src=\"https:\/\/1-risingmedia.com\/speaker\/Niels_Doerje.jpg\" alt=\"Niels D\u00f6rje\" width=\"100\" height=\"100\" \/><br \/>\n&nbsp;<br \/><a target=\"_blank\" href=\"https:\/\/smxmuenchen.de\/muenchen2013\/referenten\/#172\"><strong>Niels D\u00f6rje<\/strong><\/a>\n<\/div>\n<div id=\"speaker\">\n<img loading=\"lazy\" src=\"http:\/\/www.risingmedia.de\/speakers\/Marcus_Tandler.jpg\" alt=\"Marcus Tandler\" width=\"100\" height=\"100\" \/><br \/>\nWorkshopleiter:  <a target=\"_blank\" href=\"https:\/\/smxmuenchen.de\/muenchen2013\/referenten\/#83\"><strong>Marcus Tandler<\/strong><\/a>\n<\/div>\n<\/div>\n<div class=\"ws_header\">\n<h2 style=\"line-height: 130%;\">SEO Basics &#8211;  Was wirklich wichtig ist oder SEO-Experte nach einem Tag!<\/h2>\n<p id=\"date\">\nmit Marcus Tandler und Niels D\u00f6rje<br \/>\nMontag, 8. April 2013<br \/>\n9:00 Uhr  \u2013  17:30 Uhr\n<\/p>\n<p style=\"color: #ff0000; font-weight: bold;\">\nnur noch 1 Platz verf\u00fcgbar\n<\/p>\n<p id=\"price\">\nPreis: 895,00\u20ac exkl. MwSt.<br \/>\nInkludiert sind zwei Kaffeepausen, Mittagessen und Softgetr\u00e4nke w\u00e4hrend der Konferenz<br \/>&nbsp;<br \/>\nDie Workshoppl\u00e4tze sind limitiert &#8211; sichern Sie sich Ihren Platz rechtzeitig!\n<\/p>\n<p><!--p id=\"info\">\nDer Workshop wird auf englisch gehalten.\n<\/p-->\n<\/div>\n<div style=\"clear: both\"><\/div>\n<p>Nach dem ausverkauften Workshop bei der letzten SMX bieten wir Ihnen auch dieses Jahr wieder die exklusives Gelegenheit: Marcus Tandler aka Mediadonis, einer der bekanntesten deutschen SEOs und sein Partner Ex-Googler Niels D\u00f6rje, seit 1994 in Top Positionen der europ\u00e4ischen Kommunikations- und Internet-Branche wie Media Markt, Saturn Holding, Scout24, United Internet und last but not least Google halten einen exklusiven SEO Workshop. Hier wird alles erarbeitet, was wirklich z\u00e4hlt und was Sie ben\u00f6tigen um als SEO Experte wieder an Ihren Arbeitsplatz zur\u00fcckzukehren (nachdem Sie auf der SMX die fortgeschrittenen SEO Sessions besucht haben).<\/p>\n<h4>Die wichtigsten Themen im \u00dcberblick:<\/h4>\n<ul>\n<li>Google Strategie &#038; Outlook 2013<\/li>\n<li>Google Universal Search Optimization<\/li>\n<li>Google Places &#038; Local Search<\/li>\n<li>Google Product Search<\/li>\n<li>Google Image &#038; Video Search<\/li>\n<li>User Reviews &#038; Bewertungen<\/li>\n<li>Content Syndication und -Licensing<\/li>\n<li>Keyword Research<\/li>\n<li>SEO Rankingfaktoren<\/li>\n<li>Organisches Linkbuilding<\/li>\n<li>Viral Outreach und Linkbaiting<\/li>\n<li>\u00dcberblick \u00fcber aktuelle, kommende Google Updates<\/li>\n<li>\u00dcberblick \u00fcber aktuelle Patente &#038; deren Impact auf SEO<\/li>\n<li>User Intent &#038; Behavior<\/li>\n<li>Social Mentions als Rankingfaktor<\/li>\n<li>Author Authority &#038; Google+<\/li>\n<li>Google Hotelfinder<\/li>\n<li>Schema.org<\/li>\n<\/ul>\n<p><a href=\"https:\/\/smxmuenchen.de\/anmelden\/\"><img loading=\"lazy\" src=\"https:\/\/smxmuenchen.de\/wp-content\/themes\/smx2011\/images\/register-de.png\" width=\"258\" height=\"32\" alt=\"JETZT ANMELDEN\" align=\"right\" style=\"margin: 15px 0 10px 15px;\" \/><\/a><\/p>\n<div style=\"clear: both\"><\/div>\n<hr \/>\n<p><a name=\"workshop3\"><\/a><\/p>\n<div class=\"ws_right\">\n<div id=\"sponsor\">\n<!--img src=\"https:\/\/smxmuenchen.de\/wp-content\/uploads\/2011\/11\/AdW_CertifiedTrainer.jpg\" alt=\"Google Adwords Certified Trainer\" title=\"Google Adwords Certified Trainer\" width=\"150\" height=\"150\" \/-->\n<\/div>\n<div id=\"speaker\">\n<img loading=\"lazy\" src=\"https:\/\/1-risingmedia.com\/speaker\/Pascal_Fantou.jpg?dd=1353317029\" alt=\"Pascal Fantou\" width=\"100\" height=\"100\" \/><br \/>\nWorkshopleiter:  <a target=\"_blank\" href=\"https:\/\/smxmuenchen.de\/muenchen2013\/referenten\/#126\"><strong>Pascal Fantou<\/strong><\/a>\n<\/div>\n<\/div>\n<div class=\"ws_header\">\n<h2 style=\"line-height: 130%;\">Speak Geek! Technik Bootcamp f\u00fcr<br \/>(Noch-)Nicht-Geeks<\/h2>\n<p id=\"date\">\nmit Pascal Fantou<br \/>\nMontag, 8. April 2013<br \/>\n9:00 Uhr  \u2013  17:30 Uhr\n<\/p>\n<p id=\"price\">\nPreis: 895,00\u20ac exkl. MwSt.<br \/>\nInkludiert sind zwei Kaffeepausen, Mittagessen und Softgetr\u00e4nke w\u00e4hrend der Konferenz<br \/>&nbsp;<br \/>\nDie Workshoppl\u00e4tze sind limitiert &#8211; sichern Sie sich Ihren Platz rechtzeitig!\n<\/p>\n<p><!--p id=\"info\">\nDer Workshop wird auf englisch gehalten.\n<\/p-->\n<\/div>\n<div style=\"clear: both\"><\/div>\n<p>Sie brauchen kein technisches Vorwissen &#8211; nur genug Neugier!<\/p>\n<p>Eine der gr\u00f6\u00dften Schwachstellen in Online-Abteilungen ist die Sprachbarriere Marketing &#8211; IT. Hier wird durch jede Menge Missverst\u00e4ndnisse Zeit und Geld verbrannt. Nach diesem Workshop haben Sie zwar kein Informatik Diplom, aber Sie k\u00f6nnen einsch\u00e4tzen, welcher Job wie viel Zeit kostet und auf Augenh\u00f6he mit Ihrem IT-Department kommunizieren.<\/p>\n<p>Pascal Fantou schrieb seine erste Homepage 1993, seit 1996 ist er beruflich im Online Business sowohl auf IT- als auch auf Marketing-Seite f\u00fcr Top-Unternehmen t\u00e4tig. Gestartet bei FOCUS Online als Developer kam er \u00fcber interne Projekte, deren Traffic die focus.de Homepage hinter sich liessen in die F&#038;E Stabsabteilung des CEO. Bei FriendScout24 (Deutsche Telekom) steigerte er Registrierungen und andere KPIs um mehrere tausend Prozent. Seit seiner Selbstst\u00e4ndigkeit hilft er Online Unternehmen das Maximum aus der Verbindung IT-Marketing zu holen. Er spricht auf internationalen Konferenzen zu Internet Marketing und Tech Themen. Er selbst bezeichnet sich als Growth Hacker &#8211; Internet Marketer &#8211; Geek.<\/p>\n<p>Sie ben\u00f6tigen f\u00fcr diesen Workshop einen aktuellen Laptop, da Sie an diesem Tag eine komplette Website selber umsetzen und live stellen werden. Ein Teil der Teilnehmer wird sogar mit dieser Website schon den ersten Euro verdient haben.<\/p>\n<p>Mit diesem Workshop holen Sie noch mehr aus den folgenden SMX Tagen.<\/p>\n<h4>Die wichtigsten Themen im \u00dcberblick:<\/h4>\n<ul>\n<li>HTTP<\/li>\n<li>LAMP (Linux , Apache, MySQL, PHP)<\/li>\n<li>Apache Mod Rewrite<\/li>\n<li>einfache HTML und CSS Dateien lesen, verstehen und editieren<\/li>\n<li>JavaScript am Beispiel jQuery<\/li>\n<li>Cookies lesen, schreiben und die Grenzen verstehen<\/li>\n<li>Cookieless Tracking Ans\u00e4tze<\/li>\n<li>Google Adwords einsetzen und richtig tracken<\/li>\n<li>Keywords technisch entdecken und analysieren<\/li>\n<li>WordPress installieren und mit Plugins individualisieren<\/li>\n<li>Google Analytics implementieren und einbauen<\/li>\n<li>Google Adsense einbauen<\/li>\n<li>Arbeitsprozesse durch eigene Browser Extensions automatisieren<\/li>\n<\/ul>\n<p>und genug Platz f\u00fcr Ihre Fragen und Themen, die Sie mitbringen<\/li>\n<h4>Zielgruppe:<\/h4>\n<ul>\n<li>CMO (m\/w)<\/li>\n<li>Director Marketing (m\/w)<\/li>\n<li>Head of Online Marketing (m\/w)<\/li>\n<li>Online Marketing Manager (m\/w)<\/li>\n<li>Junior Online Marketing Manager<\/li>\n<li>SEO \/ SEA \/ SEM \/ Display \/ Affiliate \/ Social Media Manager<\/li>\n<\/ul>\n<p>eigentlich alle, die schon mal eine Anforderung an ihre interne oder externe IT gerichtet haben und von der Antwort v\u00f6llig negativ \u00fcberrascht wurden.<\/p>\n<p><a href=\"https:\/\/smxmuenchen.de\/anmelden\/\"><img loading=\"lazy\" src=\"https:\/\/smxmuenchen.de\/wp-content\/themes\/smx2011\/images\/register-de.png\" width=\"258\" height=\"32\" alt=\"JETZT ANMELDEN\" align=\"right\" style=\"margin: 15px 0 10px 15px;\" \/><\/a><\/p>\n<div style=\"clear: both\"><\/div>\n<hr \/>\n<p><a name=\"workshop4\"><\/a><\/p>\n<div class=\"ws_right\">\n<div id=\"sponsor\">\n<!--img src=\"https:\/\/smxmuenchen.de\/wp-content\/uploads\/2011\/11\/AdW_CertifiedTrainer.jpg\" alt=\"Google Adwords Certified Trainer\" title=\"Google Adwords Certified Trainer\" width=\"150\" height=\"150\" \/-->\n<\/div>\n<div id=\"speaker\">\n<img loading=\"lazy\" src=\"https:\/\/1-risingmedia.com\/speaker\/Alexander_Holl.jpg\" alt=\"Alexander Holl\" width=\"100\" height=\"100\" \/><br \/>\nWorkshopleiter:  <a target=\"_blank\" href=\"https:\/\/smxmuenchen.de\/muenchen2013\/referenten\/#17\"><strong>Alexander Holl<\/strong><\/a>\n<\/div>\n<\/div>\n<div class=\"ws_header\">\n<h2 style=\"line-height: 130%;\">Google Analytics Workshop &#8211; f\u00fcr alle, die deutlich mehr an Daten und Wissen gewinnen m\u00f6chten<\/h2>\n<p id=\"date\">\nmit Alexander Holl<br \/>\nMontag, 8. April 2013<br \/>\n9:00 Uhr  \u2013  17:30 Uhr\n<\/p>\n<p id=\"price\">\nPreis: 895,00\u20ac exkl. MwSt.<br \/>\nInkludiert sind zwei Kaffeepausen, Mittagessen und Softgetr\u00e4nke w\u00e4hrend der Konferenz<br \/>&nbsp;<br \/>\nDie Workshoppl\u00e4tze sind limitiert &#8211; sichern Sie sich Ihren Platz rechtzeitig!\n<\/p>\n<p><!--p id=\"info\">\nDer Workshop wird auf englisch gehalten.\n<\/p-->\n<\/div>\n<div style=\"clear: both\"><\/div>\n<p>\nGoogle Analytics ist einer der m\u00e4chtigsten Tools zur Analyse der eigenen Website. Viele Unternehmen verwenden aber Google Analytics nur zur Auswertung von Besuchern, Verweildauer und Absprungraten. Lernen Sie in diesem Workshop die wichtigsten Grundlagen zu Google Analytics kennen: Wir zeigen Ihnen welches die wichtigsten Berichte sind, wie Sie eine fundierte Quellenanalyse aufsetzen, was man mit benutzerdefinierten Segmente analysieren kann und wie man geeignete Ziele in Google Analytics anlegt.\n<\/p>\n<p>\nReferent ist Alexander Holl , CEO der <a target=\"_blank\" href=\"http:\/\/www.121watt.de\/\">121WATT<\/a>, einer der anerkanntesten deutschen Online Marketing Experten und Leiter unseres Fachbeirats. Holl ist Google Analytics Individual und hat sich seit 2006 intensiv mit dem Thema Web Analyse und Google Analytics im Rahmen eigener Projekte und im Rahmen von Kundenprojekten auseinandergesetzt.\n<\/p>\n<p>\nGoogle Analytics ist ein <strong>Grundlagenworkshop<\/strong> und besonders f\u00fcr Teilnehmer geeignet, die wenig Kenntnisse bzw. erste Erfahrungen zum Thema Google Analytics haben. Wenn Sie live Ihren ersten Bericht erstellen wollen, nehmen Sie ihren eigenen Laptop mit.\n<\/p>\n<h4>Die wichtigsten Themen im \u00dcberblick:<\/h4>\n<ul>\n<li>Google Analytics \u2013 Hintergrund<\/li>\n<li>Die wichtigsten Funktionen von Google Analytics im \u00dcberblick<\/li>\n<li>Workshop: Filter zur besseren Analyse von Daten verwenden<\/li>\n<li>Google AdWords und Google Analytics \u2013 ein perfektes Team<\/li>\n<li>Ziele in Google Analytics definieren<\/li>\n<li>Benuterdefinierte Berichte und Segmente<\/li>\n<li>Workshop: Einen benutzerdefinierten Bericht selber erstellen<\/li>\n<li>Ausblick: Google Analytics &#038; Remarketing<\/li>\n<\/ul>\n<h4>Zielgruppe<\/h4>\n<ul>\n<li>CMO (m\/w)<\/li>\n<li>Director Marketing (m\/w)<\/li>\n<li>Head of Online Marketing (m\/w)<\/li>\n<li>Online Marketing Manager (m\/w)<\/li>\n<li>Junior Online Marketing Manager<\/li>\n<li>SEO \/ SEA \/ SEM \/ Display \/ Affiliate \/ Social Media Manager<\/li>\n<\/ul>\n<p><a href=\"https:\/\/smxmuenchen.de\/anmelden\/\"><img loading=\"lazy\" src=\"https:\/\/smxmuenchen.de\/wp-content\/themes\/smx2011\/images\/register-de.png\" width=\"258\" height=\"32\" alt=\"JETZT ANMELDEN\" align=\"right\" style=\"margin: 15px 0 10px 15px;\" \/><\/a><\/p>\n<p><!--div class=\"programm_navi\">\n<a href=\"\/muenchen2012\/programm\/\">Programm \u00dcberblick<\/a> | <a href=\"\/muenchen2012\/tag1\/\">Ausf\u00fchrliches Programm Tag 1<\/a> | <a href=\"\/muenchen2012\/tag2\/\">Ausf\u00fchrliches Programm Tag 2<\/a><br \/>\nWorkshops | <a href=\"\/muenchen2012\/international-search-summit\/\">International Search Summit Munich<\/a>\n<\/div-->\n","protected":false},"excerpt":{"rendered":"<p>SMX M\u00fcnchen&nbsp;9.-10. April 2013, Hilton Munich Park Hotel Programm \u00dcberblick | Ausf\u00fchrliches Programm Tag 1 | Ausf\u00fchrliches Programm Tag 2 Workshops | International Search Summit Munich AdWords Workshopleiter: Brad Geddes Advanced AdWordsTagesworkshopmit Brad Geddes Montag, 8. April 2013 9:00 Uhr \u2013 17:30 Uhr nur noch 2 Pl\u00e4tze verf\u00fcgbar Preis: 895,00\u20ac <a class=\"\" href=\"https:\/\/smxmuenchen.risingmedia.eu\/en\/muenchen2013\/workshops\/\">&hellip;&nbsp;Read More<\/a><\/p>\n","protected":false},"author":10,"featured_media":0,"parent":4941,"menu_order":0,"comment_status":"closed","ping_status":"closed","template":"","meta":[],"aioseo_notices":[],"_links":{"self":[{"href":"https:\/\/smxmuenchen.risingmedia.eu\/en\/wp-json\/wp\/v2\/pages\/5547"}],"collection":[{"href":"https:\/\/smxmuenchen.risingmedia.eu\/en\/wp-json\/wp\/v2\/pages"}],"about":[{"href":"https:\/\/smxmuenchen.risingmedia.eu\/en\/wp-json\/wp\/v2\/types\/page"}],"author":[{"embeddable":true,"href":"https:\/\/smxmuenchen.risingmedia.eu\/en\/wp-json\/wp\/v2\/users\/10"}],"replies":[{"embeddable":true,"href":"https:\/\/smxmuenchen.risingmedia.eu\/en\/wp-json\/wp\/v2\/comments?post=5547"}],"version-history":[{"count":11,"href":"https:\/\/smxmuenchen.risingmedia.eu\/en\/wp-json\/wp\/v2\/pages\/5547\/revisions"}],"predecessor-version":[{"id":9552,"href":"https:\/\/smxmuenchen.risingmedia.eu\/en\/wp-json\/wp\/v2\/pages\/5547\/revisions\/9552"}],"up":[{"embeddable":true,"href":"https:\/\/smxmuenchen.risingmedia.eu\/en\/wp-json\/wp\/v2\/pages\/4941"}],"wp:attachment":[{"href":"https:\/\/smxmuenchen.risingmedia.eu\/en\/wp-json\/wp\/v2\/media?parent=5547"}],"curies":[{"name":"wp","href":"https:\/\/api.w.org\/{rel}","templated":true}]}}