{"id":5645,"date":"2012-11-16T15:38:34","date_gmt":"2012-11-16T13:38:34","guid":{"rendered":"http:\/\/smxmuenchen.de\/?page_id=5645"},"modified":"2015-06-24T10:48:57","modified_gmt":"2015-06-24T08:48:57","slug":"international-search-summit","status":"publish","type":"page","link":"https:\/\/smxmuenchen.risingmedia.eu\/en\/muenchen2013\/international-search-summit\/","title":{"rendered":"International Search Summit 2013 in M\u00fcnchen"},"content":{"rendered":"<h2>Thursday 11th April, 2013, Hilton Munich Park Hotel<\/h2>\n<div class=\"programm_navi\">\n<a href=\"\/muenchen2013\/programm\/\">Programm \u00dcberblick<\/a> | <a href=\"\/muenchen2013\/tag-1\/\">Ausf\u00fchrliches Programm Tag 1<\/a> | <a href=\"\/muenchen2013\/tag-2\/\">Ausf\u00fchrliches Programm Tag 2<\/a><br \/>\n<a href=\"\/muenchen2013\/workshops\/\">Workshops<\/a> | International Search Summit Munich\n<\/div>\n<hr \/>\n<div style=\"float: right; font-weight: bold; text-align: center;\">\n<a target=\"_blank\" href=\"http:\/\/www.internationalsearchsummit.com\/munich.html\"><img loading=\"lazy\" src=\"https:\/\/smxmuenchen.de\/wp-content\/uploads\/2011\/11\/ISS-logo-small.jpg\" alt=\"International Search Summit\" title=\"International Search Summit\" width=\"200\" height=\"87\" align=\"right\" style=\"margin-bottom: 10px;\" \/><\/a><\/p>\n<p>Programme provided by<br \/>\n<a target=\"_blank\" href=\"http:\/\/www.webcertain.com\/\"><img loading=\"lazy\" src=\"http:\/\/searchmarketingexpo.com\/blog\/wp-content\/uploads\/2013\/01\/gold-webcertain-300x54.jpg\" width=\"200\" height=\"36\" alt=\"webcertain\" border=\"0\" \/><\/a>\n<\/div>\n<p>\u201cI came to the International Search Summit with an international SEO problem. I left with a solution.\u201d  &#8211; Dan McCourt, Ecommerce Manager, SouthCo \u2013 ISS New York delegate <\/p>\n<p>\nThe International Search Summit talks international search with international experts. It\u2019s the only event focused on multinational search marketing issues and provides practical advice, solutions and techniques for improving global online performance.\n<\/p>\n<p>\nAt the International Search Summit you\u2019ll get:<\/p>\n<ul>\n<li>In-depth sessions on International SEO, PPC and Social Media topics<\/li>\n<li>Networking opportunities with international search experts and global search engines<\/li>\n<li>Breakout discussion groups to delve deeper into specific topics, share experiences and solve problems<\/li>\n<li>Global marketing insights to help shape your international online activity<\/li>\n<li>Access to Live.Webcertain.com \u2013 a knowledge bank of information, research and data on international search topics<\/li>\n<\/ul>\n<p><p><strong>Interested in speaking at ISS Munich? <a href=\"http:\/\/www.internationalsearchsummit.com\/speaker-submission.html\" target=\"_blank\">Complete our speaker submission form<\/strong><\/a><\/p>\n<p><a href=\"https:\/\/smxmuenchen.de\/anmelden\/\"><img loading=\"lazy\" src=\"https:\/\/smxmuenchen.de\/wp-content\/themes\/smx2011\/images\/register-de.png\" width=\"258\" height=\"32\" alt=\"JETZT ANMELDEN\" align=\"right\" style=\"margin: 15px 0 10px 15px;\" \/><\/a><\/p>\n<table border=\"1\">\n<tbody>\n<tr>\n<th class=\"center\" colspan=\"2\"><strong>International Search Summit Munich &#8211; 11th April 2013<\/strong><\/th>\n<\/tr>\n<tr>\n<td><strong>09:00<br \/>09:30<\/strong><\/td>\n<td>\n<a name=\"iss01\"><\/a><\/p>\n<p id=\"headline3\">Introduction and Global Search Engine Headlines<\/p>\n<p id=\"disc3\">\nAn introduction of what to expect from the day and to the topic of international search, with a look at some of the latest global search engine developments.\n<\/p>\n<p id=\"speak3\"><strong>Gemma Birch<\/strong> &#8211; WebCertain<\/p>\n<\/td>\n<\/tr>\n<tr>\n<td><strong>09:30<br \/>\n10:30<\/strong><\/td>\n<td>\n<a name=\"iss02\"><\/a><\/p>\n<p id=\"headline3\">The 10 Critical Success Factors for International Search Campaigns<\/p>\n<p id=\"disc3\">\nAndy will discuss the key factors to consider when deploying international search campaigns and highlight the critical elements required for success.\n<\/p>\n<p id=\"speak3\"><strong>Andy Atkins-Kr\u00fcger<\/strong> &#8211; WebCertain<\/p>\n<p id=\"room3\">\n<\/td>\n<\/tr>\n<tr>\n<td><strong>10:30<br \/>\n10:45<\/strong><\/td>\n<td>\n<a name=\"iss03\"><\/a><\/p>\n<p id=\"disc3\">Coffee Break<\/p>\n<\/td>\n<\/tr>\n<tr>\n<td><strong>10:45<br \/>\n11:15<\/strong><\/td>\n<td>\n<a name=\"iss04\"><\/a><\/p>\n<p id=\"headline3\">Search Insights For Global Marketers<\/p>\n<p id=\"disc3\">\nBased on surveys taken by web users in over 25 global markets, Brett will share insights into searcher behaviour around the world. He will highlight key differences between markets as well as common trends which look set to shape international search in the coming months.\n<\/p>\n<p id=\"speak3\"><strong>Brett Petersen<\/strong> &#8211; Global Web Index<\/p>\n<p id=\"room3\">\n<\/td>\n<\/tr>\n<tr>\n<td><strong>11:15<br \/>\n12:15<\/strong><\/td>\n<td>\n<a name=\"iss05\"><\/a><\/p>\n<p id=\"headline3\">Ask the Global Search Engines<\/p>\n<p id=\"disc3\">\nA panel of experts from various global search engines will discuss some of the burning issues in international search. Led by a moderator, the session will cover a range of topics and allow time for questions from the floor.\n<\/p>\n<p id=\"speak3\">\n<strong>John M\u00fcller<\/strong> &#8211; Google<br \/>\n<strong>Marek Gisela<\/strong> &#8211; Seznam\n<\/p>\n<p id=\"room3\">\n<\/td>\n<\/tr>\n<tr>\n<td><strong>12:15<br \/>\n13:15<\/strong><\/td>\n<td>\n<a name=\"iss06\"><\/a><\/p>\n<p id=\"disc3\">Lunch<\/p>\n<\/td>\n<\/tr>\n<tr>\n<td><strong>13:15<br \/>\n13:45<\/strong><\/td>\n<td>\n<a name=\"iss07\"><\/a><\/p>\n<p id=\"headline3\">Understanding and Implementing Geo-Targeting<\/p>\n<p id=\"disc3\">\nWhen targeting multiple countries and languages, ensuring that the right content appears in front of the right user is one the biggest challenges. This is the complete guide to planning a geo-targeting strategy for your global websites.\n<\/p>\n<p id=\"speak3\"><strong>Andy Atkins-Kr\u00fcger<\/strong> &#8211; WebCertain<\/p>\n<p id=\"room3\">\n<\/td>\n<\/tr>\n<tr>\n<td><strong>13:45<br \/>\n14:15<\/strong><\/td>\n<td>\n<a name=\"iss08\"><\/a><\/p>\n<p id=\"headline3\">How to Annoy Your International Visitors<\/p>\n<p id=\"disc3\">\nAnnoying visitors to your site is probably the last thing you want to do. But from technical errors to cultural misconceptions, this can often happen when targeting an international audience. Google&#8217;s Christopher Semturs will present major localisation failures &#8211; and explain how to avoid them.\n<\/p>\n<p id=\"speak3\"><strong>John M\u00fcller<\/strong> &#8211; Google<\/p>\n<p id=\"room3\">\n<\/td>\n<\/tr>\n<tr>\n<td><strong>14:15<br \/>\n14:45<\/strong><\/td>\n<td>\n<a name=\"iss09\"><\/a><\/p>\n<p id=\"headline3\">BMW International Case Study<\/p>\n<p id=\"disc3\">\nBMW is launching its new BMW i series &#8211; electric cars and mobility services later this year. Sebastian will talk about the various international performance marketing initiatives BMW have undertaken to increase brand awareness and understanding ahead of the launch.\n<\/p>\n<p id=\"speak3\"><strong>Martin Assmann<\/strong> &#8211; iCrossing<\/p>\n<p id=\"room3\">\n<\/td>\n<\/tr>\n<tr>\n<td><strong>14:45<br \/>\n15:00<\/strong><\/td>\n<td>\n<a name=\"iss10\"><\/a><\/p>\n<p id=\"disc3\">Afternoon coffee break<\/p>\n<\/td>\n<\/tr>\n<tr>\n<td><strong>15:00<br \/>\n15:30<\/strong><\/td>\n<td>\n<a name=\"iss11\"><\/a><\/p>\n<p id=\"headline3\">Localising Content For Multinational Websites<\/p>\n<p id=\"disc3\">\nLocalising and optimising content for multilingual sites can be a complex and costly process. This session will look at various approaches to translation and how they affect SEO strategy, using case studies and examples to illustrate the advantages and tradeoffs of each approach.\n<\/p>\n<p id=\"speak3\"><strong>Matthias Zeitler<\/strong> &#8211; Mark the Globe<\/p>\n<p id=\"room3\">\n<\/td>\n<\/tr>\n<tr>\n<td><strong>15:30<br \/>\n16:45<\/strong><\/td>\n<td>\n<a name=\"iss12\"><\/a><\/p>\n<p id=\"headline3\">Interactive Q &#038; A Session<\/p>\n<p id=\"disc3\">\nThe final session of the day will be an open Q &#038; A forum to touch on topics which haven&#8217;t been covered and any questions yet to be answered!\n<\/p>\n<p id=\"speak3\">\n<p id=\"room3\">\n<\/td>\n<\/tr>\n<tr>\n<td><strong>16:45<\/strong><\/td>\n<td>\n<a name=\"iss13\"><\/a><\/p>\n<p id=\"headline3\">Round-Up &#038; Medallion Speaker Winner<\/p>\n<p id=\"disc3\">\n<p id=\"speak3\">\n<p id=\"room3\">\n<\/td>\n<\/tr>\n<tr>\n<td><strong>17:00<\/strong><\/td>\n<td>\n<a name=\"iss14\"><\/a><\/p>\n<p id=\"disc3\">Networking Drinks<\/p>\n<\/td>\n<\/tr>\n<\/tbody>\n<\/table>\n<p><a href=\"https:\/\/smxmuenchen.de\/anmelden\/\"><img loading=\"lazy\" src=\"https:\/\/smxmuenchen.de\/wp-content\/themes\/smx2011\/images\/register-de.png\" width=\"258\" height=\"32\" alt=\"JETZT ANMELDEN\" align=\"right\" style=\"margin: 15px 0 10px 15px;\" \/><\/a><\/p>\n<p><em>** Sessions\/Speakers may be subject to change<\/em><\/p>\n<p><!--div class=\"programm_navi\">\n<a href=\"\/muenchen2012\/programm\/\">Programm \u00dcberblick<\/a> | <a href=\"\/muenchen2012\/tag1\/\">Ausf\u00fchrliches Programm Tag 1<\/a> | <a href=\"\/muenchen2012\/tag2\/\">Ausf\u00fchrliches Programm Tag 2<\/a><br \/>\n<a href=\"\/muenchen2012\/workshops\/\">Workshops<\/a> | International Search Summit Munich<\/a>\n<\/div-->\n","protected":false},"excerpt":{"rendered":"<p>Thursday 11th April, 2013, Hilton Munich Park Hotel Programm \u00dcberblick | Ausf\u00fchrliches Programm Tag 1 | Ausf\u00fchrliches Programm Tag 2 Workshops | International Search Summit Munich Programme provided by \u201cI came to the International Search Summit with an international SEO problem. I left with a solution.\u201d &#8211; Dan McCourt, Ecommerce <a class=\"\" href=\"https:\/\/smxmuenchen.risingmedia.eu\/en\/muenchen2013\/international-search-summit\/\">&hellip;&nbsp;Read More<\/a><\/p>\n","protected":false},"author":10,"featured_media":0,"parent":4941,"menu_order":0,"comment_status":"closed","ping_status":"closed","template":"","meta":[],"aioseo_notices":[],"_links":{"self":[{"href":"https:\/\/smxmuenchen.risingmedia.eu\/en\/wp-json\/wp\/v2\/pages\/5645"}],"collection":[{"href":"https:\/\/smxmuenchen.risingmedia.eu\/en\/wp-json\/wp\/v2\/pages"}],"about":[{"href":"https:\/\/smxmuenchen.risingmedia.eu\/en\/wp-json\/wp\/v2\/types\/page"}],"author":[{"embeddable":true,"href":"https:\/\/smxmuenchen.risingmedia.eu\/en\/wp-json\/wp\/v2\/users\/10"}],"replies":[{"embeddable":true,"href":"https:\/\/smxmuenchen.risingmedia.eu\/en\/wp-json\/wp\/v2\/comments?post=5645"}],"version-history":[{"count":15,"href":"https:\/\/smxmuenchen.risingmedia.eu\/en\/wp-json\/wp\/v2\/pages\/5645\/revisions"}],"predecessor-version":[{"id":9553,"href":"https:\/\/smxmuenchen.risingmedia.eu\/en\/wp-json\/wp\/v2\/pages\/5645\/revisions\/9553"}],"up":[{"embeddable":true,"href":"https:\/\/smxmuenchen.risingmedia.eu\/en\/wp-json\/wp\/v2\/pages\/4941"}],"wp:attachment":[{"href":"https:\/\/smxmuenchen.risingmedia.eu\/en\/wp-json\/wp\/v2\/media?parent=5645"}],"curies":[{"name":"wp","href":"https:\/\/api.w.org\/{rel}","templated":true}]}}